{"id":9240,"date":"2024-06-07T22:38:45","date_gmt":"2024-06-07T22:38:45","guid":{"rendered":"https:\/\/test.bloc9art.com\/?page_id=9240"},"modified":"2024-09-01T22:05:35","modified_gmt":"2024-09-01T22:05:35","slug":"contact","status":"publish","type":"page","link":"https:\/\/bloc9art.com\/en\/contact\/","title":{"rendered":"Contact"},"content":{"rendered":"<div data-elementor-type=\"wp-page\" data-elementor-id=\"9240\" class=\"elementor elementor-9240\" data-elementor-settings=\"{&quot;ha_cmc_init_switcher&quot;:&quot;no&quot;}\">\n\t\t\t\t\t\t<section class=\"elementor-section elementor-top-section elementor-element elementor-element-64a81d7 elementor-section-full_width elementor-section-height-min-height elementor-section-height-default elementor-section-items-middle\" data-id=\"64a81d7\" data-element_type=\"section\" data-e-type=\"section\" data-settings=\"{&quot;background_background&quot;:&quot;classic&quot;,&quot;_ha_eqh_enable&quot;:false}\">\n\t\t\t\t\t\t\t<div class=\"elementor-background-overlay\"><\/div>\n\t\t\t\t\t\t\t<div class=\"elementor-container elementor-column-gap-default\">\n\t\t\t\t\t<div class=\"elementor-column elementor-col-100 elementor-top-column elementor-element elementor-element-91931f8\" data-id=\"91931f8\" data-element_type=\"column\" data-e-type=\"column\">\n\t\t\t<div class=\"elementor-widget-wrap elementor-element-populated\">\n\t\t\t\t\t\t<div class=\"elementor-element elementor-element-c7d0906 elementor-widget elementor-widget-heading\" data-id=\"c7d0906\" data-element_type=\"widget\" data-e-type=\"widget\" data-widget_type=\"heading.default\">\n\t\t\t\t<div class=\"elementor-widget-container\">\n\t\t\t\t\t<h2 class=\"elementor-heading-title elementor-size-default\">Contact<\/h2>\t\t\t\t<\/div>\n\t\t\t\t<\/div>\n\t\t\t\t\t<\/div>\n\t\t<\/div>\n\t\t\t\t\t<\/div>\n\t\t<\/section>\n\t\t\t\t<section class=\"elementor-section elementor-top-section elementor-element elementor-element-a3a8d77 elementor-section-boxed elementor-section-height-default elementor-section-height-default\" data-id=\"a3a8d77\" data-element_type=\"section\" data-e-type=\"section\" data-settings=\"{&quot;_ha_eqh_enable&quot;:false}\">\n\t\t\t\t\t\t<div class=\"elementor-container elementor-column-gap-default\">\n\t\t\t\t\t<div class=\"elementor-column elementor-col-50 elementor-top-column elementor-element elementor-element-f12c2ba\" data-id=\"f12c2ba\" data-element_type=\"column\" data-e-type=\"column\">\n\t\t\t<div class=\"elementor-widget-wrap elementor-element-populated\">\n\t\t\t\t\t\t<div class=\"elementor-element elementor-element-975400f elementor-widget elementor-widget-heading\" data-id=\"975400f\" data-element_type=\"widget\" data-e-type=\"widget\" data-widget_type=\"heading.default\">\n\t\t\t\t<div class=\"elementor-widget-container\">\n\t\t\t\t\t<h2 class=\"elementor-heading-title elementor-size-default\">ADDRESS : <\/h2>\t\t\t\t<\/div>\n\t\t\t\t<\/div>\n\t\t\t\t<div class=\"elementor-element elementor-element-ff56fc6 elementor-widget elementor-widget-text-editor\" data-id=\"ff56fc6\" data-element_type=\"widget\" data-e-type=\"widget\" data-widget_type=\"text-editor.default\">\n\t\t\t\t<div class=\"elementor-widget-container\">\n\t\t\t\t\t\t\t\t\t<p>19, Taha Hussein street, (ex. Galil\u00e9e)<br \/>20100 Casablanca \u2013 MOROCCO<\/p>\t\t\t\t\t\t\t\t<\/div>\n\t\t\t\t<\/div>\n\t\t\t\t<div class=\"elementor-element elementor-element-0b7e67a elementor-widget elementor-widget-heading\" data-id=\"0b7e67a\" data-element_type=\"widget\" data-e-type=\"widget\" data-widget_type=\"heading.default\">\n\t\t\t\t<div class=\"elementor-widget-container\">\n\t\t\t\t\t<h2 class=\"elementor-heading-title elementor-size-default\">OPENING HOURS :<\/h2>\t\t\t\t<\/div>\n\t\t\t\t<\/div>\n\t\t\t\t<div class=\"elementor-element elementor-element-9c1ae7e elementor-widget elementor-widget-text-editor\" data-id=\"9c1ae7e\" data-element_type=\"widget\" data-e-type=\"widget\" data-widget_type=\"text-editor.default\">\n\t\t\t\t<div class=\"elementor-widget-container\">\n\t\t\t\t\t\t\t\t\t<p>From 10h30 to 13h30and from 15h00 to 20h00<br \/>Closed on Sunday and Monday morning.<\/p>\t\t\t\t\t\t\t\t<\/div>\n\t\t\t\t<\/div>\n\t\t\t\t<div class=\"elementor-element elementor-element-428c352 elementor-widget elementor-widget-heading\" data-id=\"428c352\" data-element_type=\"widget\" data-e-type=\"widget\" data-widget_type=\"heading.default\">\n\t\t\t\t<div class=\"elementor-widget-container\">\n\t\t\t\t\t<h2 class=\"elementor-heading-title elementor-size-default\">PHONE NUMBER :<\/h2>\t\t\t\t<\/div>\n\t\t\t\t<\/div>\n\t\t\t\t<div class=\"elementor-element elementor-element-3f8707b elementor-widget elementor-widget-text-editor\" data-id=\"3f8707b\" data-element_type=\"widget\" data-e-type=\"widget\" data-widget_type=\"text-editor.default\">\n\t\t\t\t<div class=\"elementor-widget-container\">\n\t\t\t\t\t\t\t\t\t<p><a href=\"tel:+212 700 74 84 96\">+212 700 74 84 96<\/a><\/p>\t\t\t\t\t\t\t\t<\/div>\n\t\t\t\t<\/div>\n\t\t\t\t<div class=\"elementor-element elementor-element-0463f7a elementor-widget elementor-widget-heading\" data-id=\"0463f7a\" data-element_type=\"widget\" data-e-type=\"widget\" data-widget_type=\"heading.default\">\n\t\t\t\t<div class=\"elementor-widget-container\">\n\t\t\t\t\t<h2 class=\"elementor-heading-title elementor-size-default\">Closed on Sunday and Monday morning.<\/h2>\t\t\t\t<\/div>\n\t\t\t\t<\/div>\n\t\t\t\t<div class=\"elementor-element elementor-element-54c540a e-grid-align-left elementor-shape-rounded elementor-grid-0 elementor-widget elementor-widget-social-icons\" data-id=\"54c540a\" data-element_type=\"widget\" data-e-type=\"widget\" data-widget_type=\"social-icons.default\">\n\t\t\t\t<div class=\"elementor-widget-container\">\n\t\t\t\t\t\t\t<div class=\"elementor-social-icons-wrapper elementor-grid\" role=\"list\">\n\t\t\t\t\t\t\t<span class=\"elementor-grid-item\" role=\"listitem\">\n\t\t\t\t\t<a class=\"elementor-icon elementor-social-icon elementor-social-icon-facebook elementor-repeater-item-1de445f\" href=\"https:\/\/www.facebook.com\/Bloc9Art\/\" target=\"_blank\">\n\t\t\t\t\t\t<span class=\"elementor-screen-only\">Facebook<\/span>\n\t\t\t\t\t\t<i aria-hidden=\"true\" class=\"fab fa-facebook\"><\/i>\t\t\t\t\t<\/a>\n\t\t\t\t<\/span>\n\t\t\t\t\t\t\t<span class=\"elementor-grid-item\" role=\"listitem\">\n\t\t\t\t\t<a class=\"elementor-icon elementor-social-icon elementor-social-icon-instagram elementor-repeater-item-f718d83\" href=\"https:\/\/www.instagram.com\/bloc9art\/\" target=\"_blank\">\n\t\t\t\t\t\t<span class=\"elementor-screen-only\">Instagram<\/span>\n\t\t\t\t\t\t<i aria-hidden=\"true\" class=\"fab fa-instagram\"><\/i>\t\t\t\t\t<\/a>\n\t\t\t\t<\/span>\n\t\t\t\t\t<\/div>\n\t\t\t\t\t\t<\/div>\n\t\t\t\t<\/div>\n\t\t\t\t\t<\/div>\n\t\t<\/div>\n\t\t\t\t<div class=\"elementor-column elementor-col-50 elementor-top-column elementor-element elementor-element-5c923e6\" data-id=\"5c923e6\" data-element_type=\"column\" data-e-type=\"column\">\n\t\t\t<div class=\"elementor-widget-wrap elementor-element-populated\">\n\t\t\t\t\t\t<div class=\"elementor-element elementor-element-e2a7221 elementor-widget elementor-widget-google_maps\" data-id=\"e2a7221\" data-element_type=\"widget\" data-e-type=\"widget\" data-widget_type=\"google_maps.default\">\n\t\t\t\t<div class=\"elementor-widget-container\">\n\t\t\t\t\t\t\t<div class=\"elementor-custom-embed\">\n\t\t\t<iframe loading=\"lazy\"\n\t\t\t\t\tsrc=\"https:\/\/maps.google.com\/maps?q=Galerie%20Bloc%209%20Art%2019%20Rue%20Taha%20Hussein%2C%20Casablanca%2020100&#038;t=m&#038;z=19&#038;output=embed&#038;iwloc=near\"\n\t\t\t\t\ttitle=\"Galerie Bloc 9 Art 19 Rue Taha Hussein, Casablanca 20100\"\n\t\t\t\t\taria-label=\"Galerie Bloc 9 Art 19 Rue Taha Hussein, Casablanca 20100\"\n\t\t\t><\/iframe>\n\t\t<\/div>\n\t\t\t\t\t\t<\/div>\n\t\t\t\t<\/div>\n\t\t\t\t\t<\/div>\n\t\t<\/div>\n\t\t\t\t\t<\/div>\n\t\t<\/section>\n\t\t\t\t<\/div>","protected":false},"excerpt":{"rendered":"<p>Contact ADRESSE : 19, Rue Taha Hussein, (ex. Galil\u00e9e) 20100 Casablanca &#8211; MAROC HORAIRES D&rsquo;OUVERTURE : De 10h30 \u00e0 13h30 et de 15h00 \u00e0 20h00 Ferm\u00e9 le Dimanche et le Lundi matin. TEL : +212 700 74 84 96 REJOIGNEZ-NOUS SUR LES R\u00c9SEAUX SOCIAUX : Facebook Instagram<\/p>","protected":false},"author":4,"featured_media":0,"parent":0,"menu_order":0,"comment_status":"closed","ping_status":"closed","template":"elementor_header_footer","meta":{"_acf_changed":false,"_joinchat":[],"footnotes":""},"tags":[490,493,491,492],"class_list":["post-9240","page","type-page","status-publish","hentry","tag-adresse-galerie-art-bloc-9","tag-horaire-ouverture-bloc-9","tag-telephone-bloc-9-art","tag-whatsapp-bloc-9","entry","owp-thumbs-layout-horizontal","owp-btn-normal","owp-tabs-layout-horizontal","has-no-thumbnails","has-product-nav"],"acf":[],"yoast_head":"<!-- This site is optimized with the Yoast SEO plugin v27.4 - https:\/\/yoast.com\/product\/yoast-seo-wordpress\/ -->\n<title>BLOC 9 ART I Contactez-nous<\/title>\n<meta name=\"description\" content=\"Pour toute question ou demande, retrouvez nos coordonn\u00e9es compl\u00e8tes et notre adresse sur notre page de contact. Nous sommes \u00e0 votre disposition pour vous fournir des informations, des conseils ou un accompagnement personnalis\u00e9\" \/>\n<meta name=\"robots\" content=\"index, follow, max-snippet:-1, max-image-preview:large, max-video-preview:-1\" \/>\n<link rel=\"canonical\" href=\"https:\/\/bloc9art.com\/en\/contact\/\" \/>\n<meta property=\"og:locale\" content=\"en_US\" \/>\n<meta property=\"og:type\" content=\"article\" \/>\n<meta property=\"og:title\" content=\"BLOC 9 ART I Contactez-nous\" \/>\n<meta property=\"og:description\" content=\"Pour toute question ou demande, retrouvez nos coordonn\u00e9es compl\u00e8tes et notre adresse sur notre page de contact. Nous sommes \u00e0 votre disposition pour vous fournir des informations, des conseils ou un accompagnement personnalis\u00e9\" \/>\n<meta property=\"og:url\" content=\"https:\/\/bloc9art.com\/en\/contact\/\" \/>\n<meta property=\"og:site_name\" content=\"Bloc 9 Art\" \/>\n<meta property=\"article:modified_time\" content=\"2024-09-01T22:05:35+00:00\" \/>\n<meta name=\"twitter:card\" content=\"summary_large_image\" \/>\n<meta name=\"twitter:label1\" content=\"Est. reading time\" \/>\n\t<meta name=\"twitter:data1\" content=\"1 minute\" \/>\n<script type=\"application\/ld+json\" class=\"yoast-schema-graph\">{\"@context\":\"https:\\\/\\\/schema.org\",\"@graph\":[{\"@type\":\"WebPage\",\"@id\":\"https:\\\/\\\/bloc9art.com\\\/contact\\\/\",\"url\":\"https:\\\/\\\/bloc9art.com\\\/contact\\\/\",\"name\":\"BLOC 9 ART I Contactez-nous\",\"isPartOf\":{\"@id\":\"https:\\\/\\\/bloc9art.com\\\/#website\"},\"datePublished\":\"2024-06-07T22:38:45+00:00\",\"dateModified\":\"2024-09-01T22:05:35+00:00\",\"description\":\"Pour toute question ou demande, retrouvez nos coordonn\u00e9es compl\u00e8tes et notre adresse sur notre page de contact. Nous sommes \u00e0 votre disposition pour vous fournir des informations, des conseils ou un accompagnement personnalis\u00e9\",\"breadcrumb\":{\"@id\":\"https:\\\/\\\/bloc9art.com\\\/contact\\\/#breadcrumb\"},\"inLanguage\":\"en-US\",\"potentialAction\":[{\"@type\":\"ReadAction\",\"target\":[\"https:\\\/\\\/bloc9art.com\\\/contact\\\/\"]}]},{\"@type\":\"BreadcrumbList\",\"@id\":\"https:\\\/\\\/bloc9art.com\\\/contact\\\/#breadcrumb\",\"itemListElement\":[{\"@type\":\"ListItem\",\"position\":1,\"name\":\"Home\",\"item\":\"https:\\\/\\\/bloc9art.com\\\/\"},{\"@type\":\"ListItem\",\"position\":2,\"name\":\"Contact\"}]},{\"@type\":\"WebSite\",\"@id\":\"https:\\\/\\\/bloc9art.com\\\/#website\",\"url\":\"https:\\\/\\\/bloc9art.com\\\/\",\"name\":\"Bloc 9 Art Store\",\"description\":\"\",\"publisher\":{\"@id\":\"https:\\\/\\\/bloc9art.com\\\/#\\\/schema\\\/person\\\/d415b0baadf88971cfe60f0370734534\"},\"potentialAction\":[{\"@type\":\"SearchAction\",\"target\":{\"@type\":\"EntryPoint\",\"urlTemplate\":\"https:\\\/\\\/bloc9art.com\\\/?s={search_term_string}\"},\"query-input\":{\"@type\":\"PropertyValueSpecification\",\"valueRequired\":true,\"valueName\":\"search_term_string\"}}],\"inLanguage\":\"en-US\"},{\"@type\":[\"Person\",\"Organization\"],\"@id\":\"https:\\\/\\\/bloc9art.com\\\/#\\\/schema\\\/person\\\/d415b0baadf88971cfe60f0370734534\",\"name\":\"Mehdi EL ANDROUSSE\",\"image\":{\"@type\":\"ImageObject\",\"inLanguage\":\"en-US\",\"@id\":\"https:\\\/\\\/bloc9art.com\\\/wp-content\\\/litespeed\\\/avatar\\\/744617de8ae770d0e1f10be634b7b591.jpg?ver=1778278816\",\"url\":\"https:\\\/\\\/bloc9art.com\\\/wp-content\\\/litespeed\\\/avatar\\\/744617de8ae770d0e1f10be634b7b591.jpg?ver=1778278816\",\"contentUrl\":\"https:\\\/\\\/bloc9art.com\\\/wp-content\\\/litespeed\\\/avatar\\\/744617de8ae770d0e1f10be634b7b591.jpg?ver=1778278816\",\"caption\":\"Mehdi EL ANDROUSSE\"},\"logo\":{\"@id\":\"https:\\\/\\\/bloc9art.com\\\/wp-content\\\/litespeed\\\/avatar\\\/744617de8ae770d0e1f10be634b7b591.jpg?ver=1778278816\"}}]}<\/script>\n<!-- \/ Yoast SEO plugin. -->","yoast_head_json":{"title":"BLOC 9 ART I Contactez-nous","description":"Pour toute question ou demande, retrouvez nos coordonn\u00e9es compl\u00e8tes et notre adresse sur notre page de contact. Nous sommes \u00e0 votre disposition pour vous fournir des informations, des conseils ou un accompagnement personnalis\u00e9","robots":{"index":"index","follow":"follow","max-snippet":"max-snippet:-1","max-image-preview":"max-image-preview:large","max-video-preview":"max-video-preview:-1"},"canonical":"https:\/\/bloc9art.com\/en\/contact\/","og_locale":"en_US","og_type":"article","og_title":"BLOC 9 ART I Contactez-nous","og_description":"Pour toute question ou demande, retrouvez nos coordonn\u00e9es compl\u00e8tes et notre adresse sur notre page de contact. Nous sommes \u00e0 votre disposition pour vous fournir des informations, des conseils ou un accompagnement personnalis\u00e9","og_url":"https:\/\/bloc9art.com\/en\/contact\/","og_site_name":"Bloc 9 Art","article_modified_time":"2024-09-01T22:05:35+00:00","twitter_card":"summary_large_image","twitter_misc":{"Est. reading time":"1 minute"},"schema":{"@context":"https:\/\/schema.org","@graph":[{"@type":"WebPage","@id":"https:\/\/bloc9art.com\/contact\/","url":"https:\/\/bloc9art.com\/contact\/","name":"BLOC 9 ART I Contactez-nous","isPartOf":{"@id":"https:\/\/bloc9art.com\/#website"},"datePublished":"2024-06-07T22:38:45+00:00","dateModified":"2024-09-01T22:05:35+00:00","description":"Pour toute question ou demande, retrouvez nos coordonn\u00e9es compl\u00e8tes et notre adresse sur notre page de contact. Nous sommes \u00e0 votre disposition pour vous fournir des informations, des conseils ou un accompagnement personnalis\u00e9","breadcrumb":{"@id":"https:\/\/bloc9art.com\/contact\/#breadcrumb"},"inLanguage":"en-US","potentialAction":[{"@type":"ReadAction","target":["https:\/\/bloc9art.com\/contact\/"]}]},{"@type":"BreadcrumbList","@id":"https:\/\/bloc9art.com\/contact\/#breadcrumb","itemListElement":[{"@type":"ListItem","position":1,"name":"Home","item":"https:\/\/bloc9art.com\/"},{"@type":"ListItem","position":2,"name":"Contact"}]},{"@type":"WebSite","@id":"https:\/\/bloc9art.com\/#website","url":"https:\/\/bloc9art.com\/","name":"Bloc 9 Art Store","description":"","publisher":{"@id":"https:\/\/bloc9art.com\/#\/schema\/person\/d415b0baadf88971cfe60f0370734534"},"potentialAction":[{"@type":"SearchAction","target":{"@type":"EntryPoint","urlTemplate":"https:\/\/bloc9art.com\/?s={search_term_string}"},"query-input":{"@type":"PropertyValueSpecification","valueRequired":true,"valueName":"search_term_string"}}],"inLanguage":"en-US"},{"@type":["Person","Organization"],"@id":"https:\/\/bloc9art.com\/#\/schema\/person\/d415b0baadf88971cfe60f0370734534","name":"Mehdi EL ANDROUSSE","image":{"@type":"ImageObject","inLanguage":"en-US","@id":"https:\/\/bloc9art.com\/wp-content\/litespeed\/avatar\/744617de8ae770d0e1f10be634b7b591.jpg?ver=1778278816","url":"https:\/\/bloc9art.com\/wp-content\/litespeed\/avatar\/744617de8ae770d0e1f10be634b7b591.jpg?ver=1778278816","contentUrl":"https:\/\/bloc9art.com\/wp-content\/litespeed\/avatar\/744617de8ae770d0e1f10be634b7b591.jpg?ver=1778278816","caption":"Mehdi EL ANDROUSSE"},"logo":{"@id":"https:\/\/bloc9art.com\/wp-content\/litespeed\/avatar\/744617de8ae770d0e1f10be634b7b591.jpg?ver=1778278816"}}]}},"rttpg_featured_image_url":null,"rttpg_author":{"display_name":"admin2","author_link":"https:\/\/bloc9art.com\/en\/author\/admin2\/"},"rttpg_comment":0,"rttpg_category":" <a href=\"https:\/\/bloc9art.com\/en\/tag\/adresse-galerie-art-bloc-9\/\" rel=\"tag\">adresse galerie art bloc 9<\/a><a href=\"https:\/\/bloc9art.com\/en\/tag\/horaire-ouverture-bloc-9\/\" rel=\"tag\">horaire ouverture bloc 9<\/a><a href=\"https:\/\/bloc9art.com\/en\/tag\/telephone-bloc-9-art\/\" rel=\"tag\">telephone bloc 9 art<\/a><a href=\"https:\/\/bloc9art.com\/en\/tag\/whatsapp-bloc-9\/\" rel=\"tag\">WhatsApp bloc 9<\/a>","rttpg_excerpt":"Contact ADRESSE : 19, Rue Taha Hussein, (ex. Galil\u00e9e) 20100 Casablanca &#8211; MAROC HORAIRES D&rsquo;OUVERTURE : De 10h30 \u00e0 13h30 et de 15h00 \u00e0 20h00 Ferm\u00e9 le Dimanche et le Lundi matin. TEL : +212 700 74 84 96 REJOIGNEZ-NOUS SUR LES R\u00c9SEAUX SOCIAUX : Facebook Instagram","_links":{"self":[{"href":"https:\/\/bloc9art.com\/en\/wp-json\/wp\/v2\/pages\/9240","targetHints":{"allow":["GET"]}}],"collection":[{"href":"https:\/\/bloc9art.com\/en\/wp-json\/wp\/v2\/pages"}],"about":[{"href":"https:\/\/bloc9art.com\/en\/wp-json\/wp\/v2\/types\/page"}],"author":[{"embeddable":true,"href":"https:\/\/bloc9art.com\/en\/wp-json\/wp\/v2\/users\/4"}],"replies":[{"embeddable":true,"href":"https:\/\/bloc9art.com\/en\/wp-json\/wp\/v2\/comments?post=9240"}],"version-history":[{"count":33,"href":"https:\/\/bloc9art.com\/en\/wp-json\/wp\/v2\/pages\/9240\/revisions"}],"predecessor-version":[{"id":10819,"href":"https:\/\/bloc9art.com\/en\/wp-json\/wp\/v2\/pages\/9240\/revisions\/10819"}],"wp:attachment":[{"href":"https:\/\/bloc9art.com\/en\/wp-json\/wp\/v2\/media?parent=9240"}],"wp:term":[{"taxonomy":"post_tag","embeddable":true,"href":"https:\/\/bloc9art.com\/en\/wp-json\/wp\/v2\/tags?post=9240"}],"curies":[{"name":"wp","href":"https:\/\/api.w.org\/{rel}","templated":true}]}}