{"id":11472,"date":"2025-02-14T20:56:15","date_gmt":"2025-02-14T20:56:15","guid":{"rendered":"https:\/\/test.bloc9art.com\/?post_type=product&#038;p=11472"},"modified":"2025-12-20T10:31:54","modified_gmt":"2025-12-20T10:31:54","slug":"benbouchta-st-n02","status":"publish","type":"product","link":"https:\/\/bloc9art.com\/en\/product\/benbouchta-st-n02\/","title":{"rendered":"Benbouchta ST N02<br><span class=\"dimension\">Dimensions 69 X 93 cm<\/br> <a href=\"https:\/\/bloc9art.com\/en\/product-category\/artists\/amina-benbouchta\/\"><u>Amina BENBOUCHTA<\/u><\/a><\/span><\/u><\/a><\/span>"},"content":{"rendered":"<table class=\"table table-striped\">\n<thead><\/thead>\n<tbody>\n<tr>\n<td scope=\"row\"><strong>Medium<\/strong><\/td>\n<td>Painting :   mixed media, collage,  flaxseed oil<\/td>\n<\/tr>\n<tr>\n<td scope=\"row\"><b>Dimensions<\/b><\/td>\n<td>H 66 x 90 cm<\/td>\n<\/tr>\n<tr>\n<td scope=\"row\"><b>Support<\/b><\/td>\n<td>Painting on paper<\/td>\n<\/tr>\n<tr>\n<td scope=\"row\"><strong>Framing<\/strong><\/td>\n<td>Black wood frame with glass<\/td>\n<\/tr>\n<tr>\n<td scope=\"row\"><b><strong>Artwork dimensions including frame<\/strong><\/b><\/td>\n<td>H 69 x 93 cm<\/td>\n<\/tr>\n<tr>\n<td scope=\"row\"><b>Signature<br \/>\n<\/b><\/td>\n<td>Hand-signed by artist<\/td>\n<\/tr>\n<tr>\n<td scope=\"row\"><strong>Year of creation<\/strong><\/td>\n<td>2023<\/td>\n<\/tr>\n<\/tbody>\n<\/table>\n<style type=\"text\/css\"><\/style><section id='' \n                class='helpie-faq accordions faq-toggle custom-styles groupSettings-465__enabled' \n                data-collection='' \n                data-pagination='0' \n                data-search='0' \n                data-pagination-enabled='0'\n                role='region'\n                aria-label='FAQ Section'\n                aria-live='polite'><h3 class=\"collection-title\">Artist Amina BENBOUCHTA<\/h3><form class=\"search\" onsubmit=\"return false;\" action=\"\"><div class=\"search__wrapper\"><input type=\"text\" class=\"search__input\" aria-label=\"Search\" role=\"searchbox\" placeholder=\"Search FAQ\"><span class=\"search__icon\"><svg class=\"svg-icon--search\" role=\"img\" xmlns=\"http:\/\/www.w3.org\/2000\/svg\" viewbox=\"0 0 22 22\">\r\n                        <g fill=\"none\" stroke=\"#171717\">\r\n                            <path stroke-linecap=\"square\" stroke-width=\"2\" d=\"M18.5 18.3l-5.4-5.4\"\/>\r\n                            <circle cx=\"8\" cy=\"8\" r=\"7\" stroke-width=\"2\"\/>\r\n                        <\/g>\r\n                    <\/svg><\/span><\/div><div class=\"search__message\"><\/div><input type=\"hidden\" name=\"trp-form-language\" value=\"en\"\/><\/form><article class=\"accordion\"><div class='helpie-faq-row'><div class='helpie-faq-col helpie-faq-col-12' ><ul><li class=\"accordion__item\"><div class=\"accordion__header\" \r\n                id=\"accordion-header-post-9077\"\r\n                role=\"button\"\r\n                aria-expanded=\"false\"\r\n                aria-controls=\"accordion-content-post-9077\"\r\n                data-id=\"post-9077\" \r\n                data-item=\"hfaq-post-9077\" \r\n                style=\"background:#FFFFFF;\" \r\n                data-tags=\"\"\r\n                tabindex=\"0\"><div class=\"accordion__title\">Amina BENBOUCHTA<\/div><\/div><div id=\"accordion-content-post-9077\" \r\n                class=\"accordion__body\" \r\n                role=\"region\"\r\n                aria-labelledby=\"accordion-header-post-9077\"\r\n                style=\"background:#FCFCFC;\"><i class=\"fa fa-map-marker\"><\/i> : Morocco<br>\r\nBorn: 1963 in Casablanca.<br><br>\r\n\r\nAmina Benbouchta is a Moroccan painter. She earned a degree in anthropology in Montreal and, alongside her artistic practice, attended drawing, lithography, and printmaking workshops in Paris. From 1988 to 1990, she was also a visiting student at the \u00c9cole nationale sup\u00e9rieure des beaux-arts de Paris.<br><br>\r\n\r\nShe has forged a singular path within the landscape of contemporary Moroccan art. While continuing to pursue painting, with its demanding traditions and codes, she simultaneously develops a body of work focused on volume and the occupation of space. Her creations belong to an intimate universe, offering poetic readings at first glance, before inviting viewers to confront the complexity of societal expectations and personal identity. Her approach is deeply informed by her training in anthropology, which shapes her perspective on everyday objects and their symbolic charge.<br><br>\r\n\r\nSince 1986, her works have been presented in Morocco and internationally in numerous contemporary art institutions and events, including the Cairo Biennale (1993), the National Museum of Women in the Arts in Washington (1997), the Kerava Museum in Finland (2003), as well as the Brussels and Marrakech art fairs (2010), among others. In 2005, she co-founded the Collectif 212 alongside artists and curators, with the aim of supporting the emergence of contemporary art in Morocco.<br><br>\r\n<\/div><\/li><\/ul><\/div><\/div><\/article><\/section>\n<style type=\"text\/css\"><\/style><section id='' \n                class='helpie-faq accordions faq-toggle custom-styles groupSettings-55__enabled' \n                data-collection='' \n                data-pagination='0' \n                data-search='0' \n                data-pagination-enabled='0'\n                role='region'\n                aria-label='FAQ Section'\n                aria-live='polite'><h3 class=\"collection-title\">More Informations<\/h3><form class=\"search\" onsubmit=\"return false;\" action=\"\"><div class=\"search__wrapper\"><input type=\"text\" class=\"search__input\" aria-label=\"Search\" role=\"searchbox\" placeholder=\"Search FAQ\"><span class=\"search__icon\"><svg class=\"svg-icon--search\" role=\"img\" xmlns=\"http:\/\/www.w3.org\/2000\/svg\" viewbox=\"0 0 22 22\">\r\n                        <g fill=\"none\" stroke=\"#171717\">\r\n                            <path stroke-linecap=\"square\" stroke-width=\"2\" d=\"M18.5 18.3l-5.4-5.4\"\/>\r\n                            <circle cx=\"8\" cy=\"8\" r=\"7\" stroke-width=\"2\"\/>\r\n                        <\/g>\r\n                    <\/svg><\/span><\/div><div class=\"search__message\"><\/div><input type=\"hidden\" name=\"trp-form-language\" value=\"en\"\/><\/form><article class=\"accordion\"><div class='helpie-faq-row'><div class='helpie-faq-col helpie-faq-col-12' ><ul><li class=\"accordion__item\"><div class=\"accordion__header\" \r\n                id=\"accordion-header-post-655\"\r\n                role=\"button\"\r\n                aria-expanded=\"false\"\r\n                aria-controls=\"accordion-content-post-655\"\r\n                data-id=\"post-655\" \r\n                data-item=\"hfaq-post-655\" \r\n                style=\"background:#FFFFFF;\" \r\n                data-tags=\"\"\r\n                tabindex=\"0\"><div class=\"accordion__title\">Shipping<\/div><\/div><div id=\"accordion-content-post-655\" \r\n                class=\"accordion__body\" \r\n                role=\"region\"\r\n                aria-labelledby=\"accordion-header-post-655\"\r\n                style=\"background:#FCFCFC;\">We deliver everywhere in Morocco and abroad.<br>\r\n- Deliveries in Morocco are free.<br>\r\n- For deliveries outside Morocco, we invite you to contact us to let you know the delivery times and costs.<br>\r\nDelivery can be made within 24 hours of your order in the following cities: Casablanca, Rabat, Marrakech.<br>\r\nWe make sure you receive the artwork in perfect condition.<br>\r\n<i class=\"fas fa-mobile-alt\" style=\"color: black\"><\/i> <a href=\"tel:+212700748496\">Call Us : +212 700 748 496<\/a><br>\r\n<i class=\"far fa-envelope\" style=\"color: black\"><\/i> <span style=\"color: black\">Email : galerie@bloc9art.com<\/span><br>\r\n<i class=\"fab fa-whatsapp\" style=\"color: blach\"><\/i> <a href=\"https:\/\/api.whatsapp.com\/send?phone=212700748496\" target=\"_blank\" rel=\"noopener\">Start a whatsapp chat<\/a><br><\/div><\/li><li class=\"accordion__item\"><div class=\"accordion__header\" \r\n                id=\"accordion-header-post-656\"\r\n                role=\"button\"\r\n                aria-expanded=\"false\"\r\n                aria-controls=\"accordion-content-post-656\"\r\n                data-id=\"post-656\" \r\n                data-item=\"hfaq-post-656\" \r\n                style=\"background:#FFFFFF;\" \r\n                data-tags=\"\"\r\n                tabindex=\"0\"><div class=\"accordion__title\">Payment<\/div><\/div><div id=\"accordion-content-post-656\" \r\n                class=\"accordion__body\" \r\n                role=\"region\"\r\n                aria-labelledby=\"accordion-header-post-656\"\r\n                style=\"background:#FCFCFC;\">You can pay by bank transfer, check or Paypal in Euros or Moroccan Dirham.<br>\r\nYou can pay on delivery in the following cities: Casablanca, Rabat, Marrakech.<\/div><\/li><li class=\"accordion__item\"><div class=\"accordion__header\" \r\n                id=\"accordion-header-post-657\"\r\n                role=\"button\"\r\n                aria-expanded=\"false\"\r\n                aria-controls=\"accordion-content-post-657\"\r\n                data-id=\"post-657\" \r\n                data-item=\"hfaq-post-657\" \r\n                style=\"background:#FFFFFF;\" \r\n                data-tags=\"\"\r\n                tabindex=\"0\"><div class=\"accordion__title\">Guarantee<\/div><\/div><div id=\"accordion-content-post-657\" \r\n                class=\"accordion__body\" \r\n                role=\"region\"\r\n                aria-labelledby=\"accordion-header-post-657\"\r\n                style=\"background:#FCFCFC;\">BLOC 9 ART guarantees the authenticity and provenance of the works.<\/div><\/li><li class=\"accordion__item\"><div class=\"accordion__header\" \r\n                id=\"accordion-header-post-658\"\r\n                role=\"button\"\r\n                aria-expanded=\"false\"\r\n                aria-controls=\"accordion-content-post-658\"\r\n                data-id=\"post-658\" \r\n                data-item=\"hfaq-post-658\" \r\n                style=\"background:#FFFFFF;\" \r\n                data-tags=\"\"\r\n                tabindex=\"0\"><div class=\"accordion__title\">Virtual fitting<\/div><\/div><div id=\"accordion-content-post-658\" \r\n                class=\"accordion__body\" \r\n                role=\"region\"\r\n                aria-labelledby=\"accordion-header-post-658\"\r\n                style=\"background:#FCFCFC;\">We will do simulations to visualize the painting hanging in your home.<br>\r\nWe invite you to send us photos of the wall or other support provided for hanging via whatsapp.<br>\r\n<i class=\"fas fa-mobile-alt\" style=\"color: black\"><\/i> <a href=\"tel:+212700748496\" target=\"_blank\" rel=\"noopener\">Call Us : +212 700 748 496<\/a><br>\r\n<i class=\"far fa-envelope\" style=\"color: black\"><\/i> <span style=\"color: black\">Email : galerie@bloc9art.com<\/span><br>\r\n<i class=\"fab fa-whatsapp\" style=\"color: blach\"><\/i> <a href=\"https:\/\/api.whatsapp.com\/send?phone=212700748496\" target=\"_blank\" rel=\"noopener\">Start a whatsapp chat<\/a><\/div><\/li><\/ul><\/div><\/div><\/article><\/section>","protected":false},"excerpt":{"rendered":"<div class=\"woocommerce-product-details__short-description\">\n<p>Peinture sur Papier, techniques mixtes, collage, huile de lin, \u0152uvre sign\u00e9e \u00e0 la main et r\u00e9alis\u00e9e en 2023.<\/p>\n<\/div>","protected":false},"featured_media":11473,"template":"","meta":{"_acf_changed":false,"_joinchat":[]},"product_brand":[],"product_cat":[463,51,36,46,33,37,32,86,40],"product_tag":[467,313,316,315,319,312,317],"class_list":{"0":"post-11472","1":"product","2":"type-product","3":"status-publish","4":"has-post-thumbnail","6":"product_cat-amina-benbouchta","7":"product_cat-artistes","8":"product_cat-dimension","9":"product_cat-figuratif","10":"product_cat-landscape","11":"product_cat-moyen-115-x115-cm","12":"product_cat-orientation","13":"product_cat-surrealisme","14":"product_cat-themes","15":"product_tag-amina-benbouchta","16":"product_tag-artiste-peintre-marocain","17":"product_tag-bloc9art","18":"product_tag-oeuvre-dart","19":"product_tag-peintre-marocain","20":"product_tag-peinture-marocaine","21":"product_tag-tableau-dart","22":"pa_artists-amina-benbouchta","23":"pa_dimensions-2-moyen-115-x115-cm","24":"pa_orientations-paysage","25":"pa_prices-dh-3-prix-10000120000-dhs","26":"pa_themes-figuratif","27":"pa_themes-surrealisme","29":"entry","30":"has-media","32":"first","33":"instock","34":"sold-individually","35":"shipping-taxable","36":"purchasable","37":"product-type-simple","38":"has-product-nav","39":"col","40":"span_1_of_3","41":"owp-content-center","42":"owp-thumbs-layout-horizontal","43":"owp-btn-normal","44":"owp-tabs-layout-horizontal"},"acf":[],"yoast_head":"<!-- This site is optimized with the Yoast SEO plugin v27.4 - https:\/\/yoast.com\/product\/yoast-seo-wordpress\/ -->\n<title>Benbouchta ST N02Dimensions 69 X 93 cm Amina BENBOUCHTA - Bloc 9 Art<\/title>\n<meta name=\"robots\" content=\"index, follow, max-snippet:-1, max-image-preview:large, max-video-preview:-1\" \/>\n<link rel=\"canonical\" href=\"https:\/\/bloc9art.com\/en\/product\/benbouchta-st-n02\/\" \/>\n<meta property=\"og:locale\" content=\"en_US\" \/>\n<meta property=\"og:type\" content=\"article\" \/>\n<meta property=\"og:title\" content=\"Benbouchta ST N02Dimensions 69 X 93 cm Amina BENBOUCHTA - Bloc 9 Art\" \/>\n<meta property=\"og:description\" content=\"Peinture sur Papier, techniques mixtes, collage, huile de lin, \u0152uvre sign\u00e9e \u00e0 la main et r\u00e9alis\u00e9e en 2023.\" \/>\n<meta property=\"og:url\" content=\"https:\/\/bloc9art.com\/en\/product\/benbouchta-st-n02\/\" \/>\n<meta property=\"og:site_name\" content=\"Bloc 9 Art\" \/>\n<meta property=\"article:modified_time\" content=\"2025-12-20T10:31:54+00:00\" \/>\n<meta property=\"og:image\" content=\"https:\/\/bloc9art.com\/wp-content\/uploads\/2025\/02\/Artiste-peintre-Amine-BENBOUCHTA-N01-.jpeg\" \/>\n\t<meta property=\"og:image:width\" content=\"1280\" \/>\n\t<meta property=\"og:image:height\" content=\"1280\" \/>\n\t<meta property=\"og:image:type\" content=\"image\/jpeg\" \/>\n<meta name=\"twitter:card\" content=\"summary_large_image\" \/>\n<meta name=\"twitter:label1\" content=\"Est. reading time\" \/>\n\t<meta name=\"twitter:data1\" content=\"1 minute\" \/>\n<script type=\"application\/ld+json\" class=\"yoast-schema-graph\">{\"@context\":\"https:\\\/\\\/schema.org\",\"@graph\":[{\"@type\":\"WebPage\",\"@id\":\"https:\\\/\\\/bloc9art.com\\\/product\\\/benbouchta-st-n02\\\/\",\"url\":\"https:\\\/\\\/bloc9art.com\\\/product\\\/benbouchta-st-n02\\\/\",\"name\":\"Benbouchta ST N02 Dimensions 69 X 93 cm Amina BENBOUCHTA - Bloc 9 Art\",\"isPartOf\":{\"@id\":\"https:\\\/\\\/bloc9art.com\\\/#website\"},\"primaryImageOfPage\":{\"@id\":\"https:\\\/\\\/bloc9art.com\\\/product\\\/benbouchta-st-n02\\\/#primaryimage\"},\"image\":{\"@id\":\"https:\\\/\\\/bloc9art.com\\\/product\\\/benbouchta-st-n02\\\/#primaryimage\"},\"thumbnailUrl\":\"https:\\\/\\\/bloc9art.com\\\/wp-content\\\/uploads\\\/2025\\\/02\\\/Artiste-peintre-Amine-BENBOUCHTA-N01-.jpeg\",\"datePublished\":\"2025-02-14T20:56:15+00:00\",\"dateModified\":\"2025-12-20T10:31:54+00:00\",\"breadcrumb\":{\"@id\":\"https:\\\/\\\/bloc9art.com\\\/product\\\/benbouchta-st-n02\\\/#breadcrumb\"},\"inLanguage\":\"en-US\",\"potentialAction\":[{\"@type\":\"ReadAction\",\"target\":[\"https:\\\/\\\/bloc9art.com\\\/product\\\/benbouchta-st-n02\\\/\"]}]},{\"@type\":\"ImageObject\",\"inLanguage\":\"en-US\",\"@id\":\"https:\\\/\\\/bloc9art.com\\\/product\\\/benbouchta-st-n02\\\/#primaryimage\",\"url\":\"https:\\\/\\\/bloc9art.com\\\/wp-content\\\/uploads\\\/2025\\\/02\\\/Artiste-peintre-Amine-BENBOUCHTA-N01-.jpeg\",\"contentUrl\":\"https:\\\/\\\/bloc9art.com\\\/wp-content\\\/uploads\\\/2025\\\/02\\\/Artiste-peintre-Amine-BENBOUCHTA-N01-.jpeg\",\"width\":1280,\"height\":1280},{\"@type\":\"BreadcrumbList\",\"@id\":\"https:\\\/\\\/bloc9art.com\\\/product\\\/benbouchta-st-n02\\\/#breadcrumb\",\"itemListElement\":[{\"@type\":\"ListItem\",\"position\":1,\"name\":\"Home\",\"item\":\"https:\\\/\\\/bloc9art.com\\\/\"},{\"@type\":\"ListItem\",\"position\":2,\"name\":\"Shop\",\"item\":\"https:\\\/\\\/bloc9art.com\\\/catalogue\\\/\"},{\"@type\":\"ListItem\",\"position\":3,\"name\":\"Benbouchta ST N02Dimensions 69 X 93 cm Amina BENBOUCHTA\"}]},{\"@type\":\"WebSite\",\"@id\":\"https:\\\/\\\/bloc9art.com\\\/#website\",\"url\":\"https:\\\/\\\/bloc9art.com\\\/\",\"name\":\"Bloc 9 Art Store\",\"description\":\"\",\"publisher\":{\"@id\":\"https:\\\/\\\/bloc9art.com\\\/#\\\/schema\\\/person\\\/d415b0baadf88971cfe60f0370734534\"},\"potentialAction\":[{\"@type\":\"SearchAction\",\"target\":{\"@type\":\"EntryPoint\",\"urlTemplate\":\"https:\\\/\\\/bloc9art.com\\\/?s={search_term_string}\"},\"query-input\":{\"@type\":\"PropertyValueSpecification\",\"valueRequired\":true,\"valueName\":\"search_term_string\"}}],\"inLanguage\":\"en-US\"},{\"@type\":[\"Person\",\"Organization\"],\"@id\":\"https:\\\/\\\/bloc9art.com\\\/#\\\/schema\\\/person\\\/d415b0baadf88971cfe60f0370734534\",\"name\":\"Mehdi EL ANDROUSSE\",\"image\":{\"@type\":\"ImageObject\",\"inLanguage\":\"en-US\",\"@id\":\"https:\\\/\\\/bloc9art.com\\\/wp-content\\\/litespeed\\\/avatar\\\/744617de8ae770d0e1f10be634b7b591.jpg?ver=1778278816\",\"url\":\"https:\\\/\\\/bloc9art.com\\\/wp-content\\\/litespeed\\\/avatar\\\/744617de8ae770d0e1f10be634b7b591.jpg?ver=1778278816\",\"contentUrl\":\"https:\\\/\\\/bloc9art.com\\\/wp-content\\\/litespeed\\\/avatar\\\/744617de8ae770d0e1f10be634b7b591.jpg?ver=1778278816\",\"caption\":\"Mehdi EL ANDROUSSE\"},\"logo\":{\"@id\":\"https:\\\/\\\/bloc9art.com\\\/wp-content\\\/litespeed\\\/avatar\\\/744617de8ae770d0e1f10be634b7b591.jpg?ver=1778278816\"}}]}<\/script>\n<!-- \/ Yoast SEO plugin. -->","yoast_head_json":{"title":"Benbouchta ST N02Dimensions 69 X 93 cm Amina BENBOUCHTA - Bloc 9 Art","robots":{"index":"index","follow":"follow","max-snippet":"max-snippet:-1","max-image-preview":"max-image-preview:large","max-video-preview":"max-video-preview:-1"},"canonical":"https:\/\/bloc9art.com\/en\/product\/benbouchta-st-n02\/","og_locale":"en_US","og_type":"article","og_title":"Benbouchta ST N02Dimensions 69 X 93 cm Amina BENBOUCHTA - Bloc 9 Art","og_description":"Peinture sur Papier, techniques mixtes, collage, huile de lin, \u0152uvre sign\u00e9e \u00e0 la main et r\u00e9alis\u00e9e en 2023.","og_url":"https:\/\/bloc9art.com\/en\/product\/benbouchta-st-n02\/","og_site_name":"Bloc 9 Art","article_modified_time":"2025-12-20T10:31:54+00:00","og_image":[{"width":1280,"height":1280,"url":"https:\/\/bloc9art.com\/wp-content\/uploads\/2025\/02\/Artiste-peintre-Amine-BENBOUCHTA-N01-.jpeg","type":"image\/jpeg"}],"twitter_card":"summary_large_image","twitter_misc":{"Est. reading time":"1 minute"},"schema":{"@context":"https:\/\/schema.org","@graph":[{"@type":"WebPage","@id":"https:\/\/bloc9art.com\/product\/benbouchta-st-n02\/","url":"https:\/\/bloc9art.com\/product\/benbouchta-st-n02\/","name":"Benbouchta ST N02 Dimensions 69 X 93 cm Amina BENBOUCHTA - Bloc 9 Art","isPartOf":{"@id":"https:\/\/bloc9art.com\/#website"},"primaryImageOfPage":{"@id":"https:\/\/bloc9art.com\/product\/benbouchta-st-n02\/#primaryimage"},"image":{"@id":"https:\/\/bloc9art.com\/product\/benbouchta-st-n02\/#primaryimage"},"thumbnailUrl":"https:\/\/bloc9art.com\/wp-content\/uploads\/2025\/02\/Artiste-peintre-Amine-BENBOUCHTA-N01-.jpeg","datePublished":"2025-02-14T20:56:15+00:00","dateModified":"2025-12-20T10:31:54+00:00","breadcrumb":{"@id":"https:\/\/bloc9art.com\/product\/benbouchta-st-n02\/#breadcrumb"},"inLanguage":"en-US","potentialAction":[{"@type":"ReadAction","target":["https:\/\/bloc9art.com\/product\/benbouchta-st-n02\/"]}]},{"@type":"ImageObject","inLanguage":"en-US","@id":"https:\/\/bloc9art.com\/product\/benbouchta-st-n02\/#primaryimage","url":"https:\/\/bloc9art.com\/wp-content\/uploads\/2025\/02\/Artiste-peintre-Amine-BENBOUCHTA-N01-.jpeg","contentUrl":"https:\/\/bloc9art.com\/wp-content\/uploads\/2025\/02\/Artiste-peintre-Amine-BENBOUCHTA-N01-.jpeg","width":1280,"height":1280},{"@type":"BreadcrumbList","@id":"https:\/\/bloc9art.com\/product\/benbouchta-st-n02\/#breadcrumb","itemListElement":[{"@type":"ListItem","position":1,"name":"Home","item":"https:\/\/bloc9art.com\/"},{"@type":"ListItem","position":2,"name":"Shop","item":"https:\/\/bloc9art.com\/catalogue\/"},{"@type":"ListItem","position":3,"name":"Benbouchta ST N02Dimensions 69 X 93 cm Amina BENBOUCHTA"}]},{"@type":"WebSite","@id":"https:\/\/bloc9art.com\/#website","url":"https:\/\/bloc9art.com\/","name":"Bloc 9 Art Store","description":"","publisher":{"@id":"https:\/\/bloc9art.com\/#\/schema\/person\/d415b0baadf88971cfe60f0370734534"},"potentialAction":[{"@type":"SearchAction","target":{"@type":"EntryPoint","urlTemplate":"https:\/\/bloc9art.com\/?s={search_term_string}"},"query-input":{"@type":"PropertyValueSpecification","valueRequired":true,"valueName":"search_term_string"}}],"inLanguage":"en-US"},{"@type":["Person","Organization"],"@id":"https:\/\/bloc9art.com\/#\/schema\/person\/d415b0baadf88971cfe60f0370734534","name":"Mehdi EL ANDROUSSE","image":{"@type":"ImageObject","inLanguage":"en-US","@id":"https:\/\/bloc9art.com\/wp-content\/litespeed\/avatar\/744617de8ae770d0e1f10be634b7b591.jpg?ver=1778278816","url":"https:\/\/bloc9art.com\/wp-content\/litespeed\/avatar\/744617de8ae770d0e1f10be634b7b591.jpg?ver=1778278816","contentUrl":"https:\/\/bloc9art.com\/wp-content\/litespeed\/avatar\/744617de8ae770d0e1f10be634b7b591.jpg?ver=1778278816","caption":"Mehdi EL ANDROUSSE"},"logo":{"@id":"https:\/\/bloc9art.com\/wp-content\/litespeed\/avatar\/744617de8ae770d0e1f10be634b7b591.jpg?ver=1778278816"}}]}},"_links":{"self":[{"href":"https:\/\/bloc9art.com\/en\/wp-json\/wp\/v2\/product\/11472","targetHints":{"allow":["GET"]}}],"collection":[{"href":"https:\/\/bloc9art.com\/en\/wp-json\/wp\/v2\/product"}],"about":[{"href":"https:\/\/bloc9art.com\/en\/wp-json\/wp\/v2\/types\/product"}],"version-history":[{"count":4,"href":"https:\/\/bloc9art.com\/en\/wp-json\/wp\/v2\/product\/11472\/revisions"}],"predecessor-version":[{"id":12836,"href":"https:\/\/bloc9art.com\/en\/wp-json\/wp\/v2\/product\/11472\/revisions\/12836"}],"wp:featuredmedia":[{"embeddable":true,"href":"https:\/\/bloc9art.com\/en\/wp-json\/wp\/v2\/media\/11473"}],"wp:attachment":[{"href":"https:\/\/bloc9art.com\/en\/wp-json\/wp\/v2\/media?parent=11472"}],"wp:term":[{"taxonomy":"product_brand","embeddable":true,"href":"https:\/\/bloc9art.com\/en\/wp-json\/wp\/v2\/product_brand?post=11472"},{"taxonomy":"product_cat","embeddable":true,"href":"https:\/\/bloc9art.com\/en\/wp-json\/wp\/v2\/product_cat?post=11472"},{"taxonomy":"product_tag","embeddable":true,"href":"https:\/\/bloc9art.com\/en\/wp-json\/wp\/v2\/product_tag?post=11472"}],"curies":[{"name":"wp","href":"https:\/\/api.w.org\/{rel}","templated":true}]}}