{"id":2461,"date":"2021-05-09T22:06:15","date_gmt":"2021-05-09T22:06:15","guid":{"rendered":"https:\/\/test.bloc9art.com\/?post_type=product&#038;p=2461"},"modified":"2024-07-10T18:32:01","modified_gmt":"2024-07-10T18:32:01","slug":"tete-penchee","status":"publish","type":"product","link":"https:\/\/bloc9art.com\/en\/product\/tete-penchee\/","title":{"rendered":"Head bowed <\/br><span class=\"dimension\">Dimensions 63X83 cm <br> <a href=\"https:\/\/bloc9art.com\/en\/product-category\/artists\/mehdi-el-androusse\/\"><u>EL ANDROUSSE Mehdi<\/u><\/a><\/span>"},"content":{"rendered":"<table class=\"table table-striped\">\n<thead><\/thead>\n<tbody>\n<tr>\n<td scope=\"row\"><b>Medium<\/b><\/td>\n<td>Painting : Acrylic<\/td>\n<\/tr>\n<tr>\n<td scope=\"row\"><b>Dimensions<\/b><\/td>\n<td>H 60 x 80 cm<\/td>\n<\/tr>\n<tr>\n<td scope=\"row\"><b>Support<\/b><\/td>\n<td>Painting on canvas on stretcher<\/td>\n<\/tr>\n<tr>\n<td scope=\"row\"><b>Framing<\/b><\/td>\n<td>Black wood frame<\/td>\n<\/tr>\n<tr>\n<td scope=\"row\"><b>Artwork dimensions including frame<\/b><\/td>\n<td>63 x 83 cm<\/td>\n<\/tr>\n<tr>\n<td scope=\"row\"><b>Authenticity<\/b><\/td>\n<td>Work sold with a certificate of authenticity<\/td>\n<\/tr>\n<tr>\n<td scope=\"row\"><b>Signature<\/b><\/td>\n<td>Hand-signed by artist<\/td>\n<\/tr>\n<tr>\n<td scope=\"row\"><b>Year of creation<\/b><\/td>\n<td>2020<\/td>\n<\/tr>\n<\/tbody>\n<\/table>\n<style type=\"text\/css\"><\/style><section id='' \n                class='helpie-faq accordions faq-toggle custom-styles groupSettings-124__enabled' \n                data-collection='' \n                data-pagination='0' \n                data-search='0' \n                data-pagination-enabled='0'\n                role='region'\n                aria-label='FAQ Section'\n                aria-live='polite'><h3 class=\"collection-title\">Artist EL ANDROUSSE Mehdi<\/h3><form class=\"search\" onsubmit=\"return false;\" action=\"\"><div class=\"search__wrapper\"><input type=\"text\" class=\"search__input\" aria-label=\"Search\" role=\"searchbox\" placeholder=\"Search FAQ\"><span class=\"search__icon\"><svg class=\"svg-icon--search\" role=\"img\" xmlns=\"http:\/\/www.w3.org\/2000\/svg\" viewbox=\"0 0 22 22\">\r\n                        <g fill=\"none\" stroke=\"#171717\">\r\n                            <path stroke-linecap=\"square\" stroke-width=\"2\" d=\"M18.5 18.3l-5.4-5.4\"\/>\r\n                            <circle cx=\"8\" cy=\"8\" r=\"7\" stroke-width=\"2\"\/>\r\n                        <\/g>\r\n                    <\/svg><\/span><\/div><div class=\"search__message\"><\/div><input type=\"hidden\" name=\"trp-form-language\" value=\"en\"\/><\/form><article class=\"accordion\"><div class='helpie-faq-row'><div class='helpie-faq-col helpie-faq-col-12' ><ul><li class=\"accordion__item\"><div class=\"accordion__header\" \r\n                id=\"accordion-header-post-2457\"\r\n                role=\"button\"\r\n                aria-expanded=\"false\"\r\n                aria-controls=\"accordion-content-post-2457\"\r\n                data-id=\"post-2457\" \r\n                data-item=\"hfaq-post-2457\" \r\n                style=\"background:#FFFFFF;\" \r\n                data-tags=\"\"\r\n                tabindex=\"0\"><div class=\"accordion__title\">EL ANDROUSSE Mehdi<\/div><\/div><div id=\"accordion-content-post-2457\" \r\n                class=\"accordion__body\" \r\n                role=\"region\"\r\n                aria-labelledby=\"accordion-header-post-2457\"\r\n                style=\"background:#FCFCFC;\"><i class=\"fa fa-map-marker\"><\/i> : Morocco<br>\r\nBorn : 1988 in Casablanca.<br><br>\r\n\r\nSelf-taught artist who works in an Abstract register with experimental approaches.<br>\r\nMehdi EL ANDROUSSE is in constant search for an emotional coherence between shapes and colors.<br><\/div><\/li><\/ul><\/div><\/div><\/article><\/section>\n<style type=\"text\/css\"><\/style><section id='' \n                class='helpie-faq accordions faq-toggle custom-styles groupSettings-55__enabled' \n                data-collection='' \n                data-pagination='0' \n                data-search='0' \n                data-pagination-enabled='0'\n                role='region'\n                aria-label='FAQ Section'\n                aria-live='polite'><h3 class=\"collection-title\">More Informations<\/h3><form class=\"search\" onsubmit=\"return false;\" action=\"\"><div class=\"search__wrapper\"><input type=\"text\" class=\"search__input\" aria-label=\"Search\" role=\"searchbox\" placeholder=\"Search FAQ\"><span class=\"search__icon\"><svg class=\"svg-icon--search\" role=\"img\" xmlns=\"http:\/\/www.w3.org\/2000\/svg\" viewbox=\"0 0 22 22\">\r\n                        <g fill=\"none\" stroke=\"#171717\">\r\n                            <path stroke-linecap=\"square\" stroke-width=\"2\" d=\"M18.5 18.3l-5.4-5.4\"\/>\r\n                            <circle cx=\"8\" cy=\"8\" r=\"7\" stroke-width=\"2\"\/>\r\n                        <\/g>\r\n                    <\/svg><\/span><\/div><div class=\"search__message\"><\/div><input type=\"hidden\" name=\"trp-form-language\" value=\"en\"\/><\/form><article class=\"accordion\"><div class='helpie-faq-row'><div class='helpie-faq-col helpie-faq-col-12' ><ul><li class=\"accordion__item\"><div class=\"accordion__header\" \r\n                id=\"accordion-header-post-655\"\r\n                role=\"button\"\r\n                aria-expanded=\"false\"\r\n                aria-controls=\"accordion-content-post-655\"\r\n                data-id=\"post-655\" \r\n                data-item=\"hfaq-post-655\" \r\n                style=\"background:#FFFFFF;\" \r\n                data-tags=\"\"\r\n                tabindex=\"0\"><div class=\"accordion__title\">Shipping<\/div><\/div><div id=\"accordion-content-post-655\" \r\n                class=\"accordion__body\" \r\n                role=\"region\"\r\n                aria-labelledby=\"accordion-header-post-655\"\r\n                style=\"background:#FCFCFC;\">We deliver everywhere in Morocco and abroad.<br>\r\n- Deliveries in Morocco are free.<br>\r\n- For deliveries outside Morocco, we invite you to contact us to let you know the delivery times and costs.<br>\r\nDelivery can be made within 24 hours of your order in the following cities: Casablanca, Rabat, Marrakech.<br>\r\nWe make sure you receive the artwork in perfect condition.<br>\r\n<i class=\"fas fa-mobile-alt\" style=\"color: black\"><\/i> <a href=\"tel:+212700748496\">Call Us : +212 700 748 496<\/a><br>\r\n<i class=\"far fa-envelope\" style=\"color: black\"><\/i> <span style=\"color: black\">Email : galerie@bloc9art.com<\/span><br>\r\n<i class=\"fab fa-whatsapp\" style=\"color: blach\"><\/i> <a href=\"https:\/\/api.whatsapp.com\/send?phone=212700748496\" target=\"_blank\" rel=\"noopener\">Start a whatsapp chat<\/a><br><\/div><\/li><li class=\"accordion__item\"><div class=\"accordion__header\" \r\n                id=\"accordion-header-post-656\"\r\n                role=\"button\"\r\n                aria-expanded=\"false\"\r\n                aria-controls=\"accordion-content-post-656\"\r\n                data-id=\"post-656\" \r\n                data-item=\"hfaq-post-656\" \r\n                style=\"background:#FFFFFF;\" \r\n                data-tags=\"\"\r\n                tabindex=\"0\"><div class=\"accordion__title\">Payment<\/div><\/div><div id=\"accordion-content-post-656\" \r\n                class=\"accordion__body\" \r\n                role=\"region\"\r\n                aria-labelledby=\"accordion-header-post-656\"\r\n                style=\"background:#FCFCFC;\">You can pay by bank transfer, check or Paypal in Euros or Moroccan Dirham.<br>\r\nYou can pay on delivery in the following cities: Casablanca, Rabat, Marrakech.<\/div><\/li><li class=\"accordion__item\"><div class=\"accordion__header\" \r\n                id=\"accordion-header-post-657\"\r\n                role=\"button\"\r\n                aria-expanded=\"false\"\r\n                aria-controls=\"accordion-content-post-657\"\r\n                data-id=\"post-657\" \r\n                data-item=\"hfaq-post-657\" \r\n                style=\"background:#FFFFFF;\" \r\n                data-tags=\"\"\r\n                tabindex=\"0\"><div class=\"accordion__title\">Guarantee<\/div><\/div><div id=\"accordion-content-post-657\" \r\n                class=\"accordion__body\" \r\n                role=\"region\"\r\n                aria-labelledby=\"accordion-header-post-657\"\r\n                style=\"background:#FCFCFC;\">BLOC 9 ART guarantees the authenticity and provenance of the works.<\/div><\/li><li class=\"accordion__item\"><div class=\"accordion__header\" \r\n                id=\"accordion-header-post-658\"\r\n                role=\"button\"\r\n                aria-expanded=\"false\"\r\n                aria-controls=\"accordion-content-post-658\"\r\n                data-id=\"post-658\" \r\n                data-item=\"hfaq-post-658\" \r\n                style=\"background:#FFFFFF;\" \r\n                data-tags=\"\"\r\n                tabindex=\"0\"><div class=\"accordion__title\">Virtual fitting<\/div><\/div><div id=\"accordion-content-post-658\" \r\n                class=\"accordion__body\" \r\n                role=\"region\"\r\n                aria-labelledby=\"accordion-header-post-658\"\r\n                style=\"background:#FCFCFC;\">We will do simulations to visualize the painting hanging in your home.<br>\r\nWe invite you to send us photos of the wall or other support provided for hanging via whatsapp.<br>\r\n<i class=\"fas fa-mobile-alt\" style=\"color: black\"><\/i> <a href=\"tel:+212700748496\" target=\"_blank\" rel=\"noopener\">Call Us : +212 700 748 496<\/a><br>\r\n<i class=\"far fa-envelope\" style=\"color: black\"><\/i> <span style=\"color: black\">Email : galerie@bloc9art.com<\/span><br>\r\n<i class=\"fab fa-whatsapp\" style=\"color: blach\"><\/i> <a href=\"https:\/\/api.whatsapp.com\/send?phone=212700748496\" target=\"_blank\" rel=\"noopener\">Start a whatsapp chat<\/a><\/div><\/li><\/ul><\/div><\/div><\/article><\/section>","protected":false},"excerpt":{"rendered":"<p>Painting on canvas on stretcher, Painting Acrylic, work sold with a certificate of authenticity, Hand-signed by artist and created in 2020.<\/p>","protected":false},"featured_media":2462,"template":"","meta":{"_acf_changed":false,"_joinchat":[]},"product_brand":[],"product_cat":[41,51,36,123,33,37,32,40],"product_tag":[28],"class_list":{"0":"post-2461","1":"product","2":"type-product","3":"status-publish","4":"has-post-thumbnail","6":"product_cat-abstrait","7":"product_cat-artistes","8":"product_cat-dimension","9":"product_cat-mehdi-el-androusse","10":"product_cat-landscape","11":"product_cat-moyen-115-x115-cm","12":"product_cat-orientation","13":"product_cat-themes","14":"product_tag-28","15":"pa_artists-el-androusse-mehdi","16":"pa_dimensions-2-moyen-115-x115-cm","17":"pa_orientations-paysage","18":"pa_prices-dh-1-jusqua-5000","19":"pa_themes-abstrait","21":"entry","22":"has-media","24":"first","25":"instock","26":"sold-individually","27":"shipping-taxable","28":"purchasable","29":"product-type-simple","30":"has-product-nav","31":"col","32":"span_1_of_3","33":"owp-content-center","34":"owp-thumbs-layout-horizontal","35":"owp-btn-normal","36":"owp-tabs-layout-horizontal"},"acf":[],"yoast_head":"<!-- This site is optimized with the Yoast SEO plugin v27.4 - https:\/\/yoast.com\/product\/yoast-seo-wordpress\/ -->\n<title>T\u00eate pench\u00e9e Dimensions 63X83 cm  EL ANDROUSSE Mehdi - Bloc 9 Art<\/title>\n<meta name=\"robots\" content=\"index, follow, max-snippet:-1, max-image-preview:large, max-video-preview:-1\" \/>\n<link rel=\"canonical\" href=\"https:\/\/bloc9art.com\/en\/product\/tete-penchee\/\" \/>\n<meta property=\"og:locale\" content=\"en_US\" \/>\n<meta property=\"og:type\" content=\"article\" \/>\n<meta property=\"og:title\" content=\"T\u00eate pench\u00e9e Dimensions 63X83 cm  EL ANDROUSSE Mehdi - Bloc 9 Art\" \/>\n<meta property=\"og:description\" content=\"Peinture sur toile sur ch\u00e2ssis, peinture acrylique, \u0153uvre vendue avec certificat d\u2019authenticit\u00e9, sign\u00e9e \u00e0 la main et r\u00e9alis\u00e9e 2020.\" \/>\n<meta property=\"og:url\" content=\"https:\/\/bloc9art.com\/en\/product\/tete-penchee\/\" \/>\n<meta property=\"og:site_name\" content=\"Bloc 9 Art\" \/>\n<meta property=\"article:modified_time\" content=\"2024-07-10T18:32:01+00:00\" \/>\n<meta property=\"og:image\" content=\"https:\/\/bloc9art.com\/wp-content\/uploads\/2021\/05\/3.jpeg\" \/>\n\t<meta property=\"og:image:width\" content=\"1280\" \/>\n\t<meta property=\"og:image:height\" content=\"1280\" \/>\n\t<meta property=\"og:image:type\" content=\"image\/jpeg\" \/>\n<meta name=\"twitter:card\" content=\"summary_large_image\" \/>\n<meta name=\"twitter:label1\" content=\"Est. reading time\" \/>\n\t<meta name=\"twitter:data1\" content=\"1 minute\" \/>\n<script type=\"application\/ld+json\" class=\"yoast-schema-graph\">{\"@context\":\"https:\\\/\\\/schema.org\",\"@graph\":[{\"@type\":\"WebPage\",\"@id\":\"https:\\\/\\\/bloc9art.com\\\/product\\\/tete-penchee\\\/\",\"url\":\"https:\\\/\\\/bloc9art.com\\\/product\\\/tete-penchee\\\/\",\"name\":\"T\u00eate pench\u00e9e Dimensions 63X83 cm EL ANDROUSSE Mehdi - Bloc 9 Art\",\"isPartOf\":{\"@id\":\"https:\\\/\\\/bloc9art.com\\\/#website\"},\"primaryImageOfPage\":{\"@id\":\"https:\\\/\\\/bloc9art.com\\\/product\\\/tete-penchee\\\/#primaryimage\"},\"image\":{\"@id\":\"https:\\\/\\\/bloc9art.com\\\/product\\\/tete-penchee\\\/#primaryimage\"},\"thumbnailUrl\":\"https:\\\/\\\/bloc9art.com\\\/wp-content\\\/uploads\\\/2021\\\/05\\\/3.jpeg\",\"datePublished\":\"2021-05-09T22:06:15+00:00\",\"dateModified\":\"2024-07-10T18:32:01+00:00\",\"breadcrumb\":{\"@id\":\"https:\\\/\\\/bloc9art.com\\\/product\\\/tete-penchee\\\/#breadcrumb\"},\"inLanguage\":\"en-US\",\"potentialAction\":[{\"@type\":\"ReadAction\",\"target\":[\"https:\\\/\\\/bloc9art.com\\\/product\\\/tete-penchee\\\/\"]}]},{\"@type\":\"ImageObject\",\"inLanguage\":\"en-US\",\"@id\":\"https:\\\/\\\/bloc9art.com\\\/product\\\/tete-penchee\\\/#primaryimage\",\"url\":\"https:\\\/\\\/bloc9art.com\\\/wp-content\\\/uploads\\\/2021\\\/05\\\/3.jpeg\",\"contentUrl\":\"https:\\\/\\\/bloc9art.com\\\/wp-content\\\/uploads\\\/2021\\\/05\\\/3.jpeg\",\"width\":1280,\"height\":1280},{\"@type\":\"BreadcrumbList\",\"@id\":\"https:\\\/\\\/bloc9art.com\\\/product\\\/tete-penchee\\\/#breadcrumb\",\"itemListElement\":[{\"@type\":\"ListItem\",\"position\":1,\"name\":\"Home\",\"item\":\"https:\\\/\\\/bloc9art.com\\\/\"},{\"@type\":\"ListItem\",\"position\":2,\"name\":\"Shop\",\"item\":\"https:\\\/\\\/bloc9art.com\\\/catalogue\\\/\"},{\"@type\":\"ListItem\",\"position\":3,\"name\":\"T\u00eate pench\u00e9e Dimensions 63X83 cm EL ANDROUSSE Mehdi\"}]},{\"@type\":\"WebSite\",\"@id\":\"https:\\\/\\\/bloc9art.com\\\/#website\",\"url\":\"https:\\\/\\\/bloc9art.com\\\/\",\"name\":\"Bloc 9 Art Store\",\"description\":\"\",\"publisher\":{\"@id\":\"https:\\\/\\\/bloc9art.com\\\/#\\\/schema\\\/person\\\/d415b0baadf88971cfe60f0370734534\"},\"potentialAction\":[{\"@type\":\"SearchAction\",\"target\":{\"@type\":\"EntryPoint\",\"urlTemplate\":\"https:\\\/\\\/bloc9art.com\\\/?s={search_term_string}\"},\"query-input\":{\"@type\":\"PropertyValueSpecification\",\"valueRequired\":true,\"valueName\":\"search_term_string\"}}],\"inLanguage\":\"en-US\"},{\"@type\":[\"Person\",\"Organization\"],\"@id\":\"https:\\\/\\\/bloc9art.com\\\/#\\\/schema\\\/person\\\/d415b0baadf88971cfe60f0370734534\",\"name\":\"Mehdi EL ANDROUSSE\",\"image\":{\"@type\":\"ImageObject\",\"inLanguage\":\"en-US\",\"@id\":\"https:\\\/\\\/bloc9art.com\\\/wp-content\\\/litespeed\\\/avatar\\\/744617de8ae770d0e1f10be634b7b591.jpg?ver=1778278816\",\"url\":\"https:\\\/\\\/bloc9art.com\\\/wp-content\\\/litespeed\\\/avatar\\\/744617de8ae770d0e1f10be634b7b591.jpg?ver=1778278816\",\"contentUrl\":\"https:\\\/\\\/bloc9art.com\\\/wp-content\\\/litespeed\\\/avatar\\\/744617de8ae770d0e1f10be634b7b591.jpg?ver=1778278816\",\"caption\":\"Mehdi EL ANDROUSSE\"},\"logo\":{\"@id\":\"https:\\\/\\\/bloc9art.com\\\/wp-content\\\/litespeed\\\/avatar\\\/744617de8ae770d0e1f10be634b7b591.jpg?ver=1778278816\"}}]}<\/script>\n<!-- \/ Yoast SEO plugin. -->","yoast_head_json":{"title":"T\u00eate pench\u00e9e Dimensions 63X83 cm  EL ANDROUSSE Mehdi - Bloc 9 Art","robots":{"index":"index","follow":"follow","max-snippet":"max-snippet:-1","max-image-preview":"max-image-preview:large","max-video-preview":"max-video-preview:-1"},"canonical":"https:\/\/bloc9art.com\/en\/product\/tete-penchee\/","og_locale":"en_US","og_type":"article","og_title":"T\u00eate pench\u00e9e Dimensions 63X83 cm  EL ANDROUSSE Mehdi - Bloc 9 Art","og_description":"Peinture sur toile sur ch\u00e2ssis, peinture acrylique, \u0153uvre vendue avec certificat d\u2019authenticit\u00e9, sign\u00e9e \u00e0 la main et r\u00e9alis\u00e9e 2020.","og_url":"https:\/\/bloc9art.com\/en\/product\/tete-penchee\/","og_site_name":"Bloc 9 Art","article_modified_time":"2024-07-10T18:32:01+00:00","og_image":[{"width":1280,"height":1280,"url":"https:\/\/bloc9art.com\/wp-content\/uploads\/2021\/05\/3.jpeg","type":"image\/jpeg"}],"twitter_card":"summary_large_image","twitter_misc":{"Est. reading time":"1 minute"},"schema":{"@context":"https:\/\/schema.org","@graph":[{"@type":"WebPage","@id":"https:\/\/bloc9art.com\/product\/tete-penchee\/","url":"https:\/\/bloc9art.com\/product\/tete-penchee\/","name":"T\u00eate pench\u00e9e Dimensions 63X83 cm EL ANDROUSSE Mehdi - Bloc 9 Art","isPartOf":{"@id":"https:\/\/bloc9art.com\/#website"},"primaryImageOfPage":{"@id":"https:\/\/bloc9art.com\/product\/tete-penchee\/#primaryimage"},"image":{"@id":"https:\/\/bloc9art.com\/product\/tete-penchee\/#primaryimage"},"thumbnailUrl":"https:\/\/bloc9art.com\/wp-content\/uploads\/2021\/05\/3.jpeg","datePublished":"2021-05-09T22:06:15+00:00","dateModified":"2024-07-10T18:32:01+00:00","breadcrumb":{"@id":"https:\/\/bloc9art.com\/product\/tete-penchee\/#breadcrumb"},"inLanguage":"en-US","potentialAction":[{"@type":"ReadAction","target":["https:\/\/bloc9art.com\/product\/tete-penchee\/"]}]},{"@type":"ImageObject","inLanguage":"en-US","@id":"https:\/\/bloc9art.com\/product\/tete-penchee\/#primaryimage","url":"https:\/\/bloc9art.com\/wp-content\/uploads\/2021\/05\/3.jpeg","contentUrl":"https:\/\/bloc9art.com\/wp-content\/uploads\/2021\/05\/3.jpeg","width":1280,"height":1280},{"@type":"BreadcrumbList","@id":"https:\/\/bloc9art.com\/product\/tete-penchee\/#breadcrumb","itemListElement":[{"@type":"ListItem","position":1,"name":"Home","item":"https:\/\/bloc9art.com\/"},{"@type":"ListItem","position":2,"name":"Shop","item":"https:\/\/bloc9art.com\/catalogue\/"},{"@type":"ListItem","position":3,"name":"T\u00eate pench\u00e9e Dimensions 63X83 cm EL ANDROUSSE Mehdi"}]},{"@type":"WebSite","@id":"https:\/\/bloc9art.com\/#website","url":"https:\/\/bloc9art.com\/","name":"Bloc 9 Art Store","description":"","publisher":{"@id":"https:\/\/bloc9art.com\/#\/schema\/person\/d415b0baadf88971cfe60f0370734534"},"potentialAction":[{"@type":"SearchAction","target":{"@type":"EntryPoint","urlTemplate":"https:\/\/bloc9art.com\/?s={search_term_string}"},"query-input":{"@type":"PropertyValueSpecification","valueRequired":true,"valueName":"search_term_string"}}],"inLanguage":"en-US"},{"@type":["Person","Organization"],"@id":"https:\/\/bloc9art.com\/#\/schema\/person\/d415b0baadf88971cfe60f0370734534","name":"Mehdi EL ANDROUSSE","image":{"@type":"ImageObject","inLanguage":"en-US","@id":"https:\/\/bloc9art.com\/wp-content\/litespeed\/avatar\/744617de8ae770d0e1f10be634b7b591.jpg?ver=1778278816","url":"https:\/\/bloc9art.com\/wp-content\/litespeed\/avatar\/744617de8ae770d0e1f10be634b7b591.jpg?ver=1778278816","contentUrl":"https:\/\/bloc9art.com\/wp-content\/litespeed\/avatar\/744617de8ae770d0e1f10be634b7b591.jpg?ver=1778278816","caption":"Mehdi EL ANDROUSSE"},"logo":{"@id":"https:\/\/bloc9art.com\/wp-content\/litespeed\/avatar\/744617de8ae770d0e1f10be634b7b591.jpg?ver=1778278816"}}]}},"_links":{"self":[{"href":"https:\/\/bloc9art.com\/en\/wp-json\/wp\/v2\/product\/2461","targetHints":{"allow":["GET"]}}],"collection":[{"href":"https:\/\/bloc9art.com\/en\/wp-json\/wp\/v2\/product"}],"about":[{"href":"https:\/\/bloc9art.com\/en\/wp-json\/wp\/v2\/types\/product"}],"version-history":[{"count":2,"href":"https:\/\/bloc9art.com\/en\/wp-json\/wp\/v2\/product\/2461\/revisions"}],"predecessor-version":[{"id":9520,"href":"https:\/\/bloc9art.com\/en\/wp-json\/wp\/v2\/product\/2461\/revisions\/9520"}],"wp:featuredmedia":[{"embeddable":true,"href":"https:\/\/bloc9art.com\/en\/wp-json\/wp\/v2\/media\/2462"}],"wp:attachment":[{"href":"https:\/\/bloc9art.com\/en\/wp-json\/wp\/v2\/media?parent=2461"}],"wp:term":[{"taxonomy":"product_brand","embeddable":true,"href":"https:\/\/bloc9art.com\/en\/wp-json\/wp\/v2\/product_brand?post=2461"},{"taxonomy":"product_cat","embeddable":true,"href":"https:\/\/bloc9art.com\/en\/wp-json\/wp\/v2\/product_cat?post=2461"},{"taxonomy":"product_tag","embeddable":true,"href":"https:\/\/bloc9art.com\/en\/wp-json\/wp\/v2\/product_tag?post=2461"}],"curies":[{"name":"wp","href":"https:\/\/api.w.org\/{rel}","templated":true}]}}