{"id":909,"date":"2021-04-19T17:21:57","date_gmt":"2021-04-19T17:21:57","guid":{"rendered":"https:\/\/test.bloc9art.com\/?post_type=product&#038;p=909"},"modified":"2024-07-13T16:03:14","modified_gmt":"2024-07-13T16:03:14","slug":"libre","status":"publish","type":"product","link":"https:\/\/bloc9art.com\/en\/product\/libre\/","title":{"rendered":"Free <br><span class=\"dimension\">Dimensions 123X123 cm <\/br> <a href=\"https:\/\/bloc9art.com\/en\/product-category\/artists\/abdo-mchimich\/\"><u>MCHIMICH Abdo<\/u><\/a><\/span>"},"content":{"rendered":"<table class=\"table table-striped\">\n<thead><\/thead>\n<tbody>\n<tr>\n<td scope=\"row\"><b>Medium<\/b><\/td>\n<td>Painting : Mixed media<\/td>\n<\/tr>\n<tr>\n<td scope=\"row\"><b>Dimensions<\/b><\/td>\n<td>H 120 x 120 cm<\/td>\n<\/tr>\n<tr>\n<td scope=\"row\"><b>Support<\/b><\/td>\n<td>Painting on canvas on stretcher<\/td>\n<\/tr>\n<tr>\n<td scope=\"row\"><b>Framing<\/b><\/td>\n<td>Black wood frame<\/td>\n<\/tr>\n<tr>\n<td scope=\"row\"><b>Artwork dimensions including frame<\/b><\/td>\n<td>123 x 123 cm<\/td>\n<\/tr>\n<tr>\n<td scope=\"row\"><b>Authenticity<\/b><\/td>\n<td>Work sold with a certificate of authenticity<\/td>\n<\/tr>\n<tr>\n<td scope=\"row\"><b>Signature<\/b><\/td>\n<td>Hand-signed by artist<\/td>\n<\/tr>\n<tr>\n<td scope=\"row\"><b>Year of creation<\/b><\/td>\n<td>2018<\/td>\n<\/tr>\n<\/tbody>\n<\/table>\n<style type=\"text\/css\"><\/style><section id='' \n                class='helpie-faq accordions faq-toggle custom-styles groupSettings-77__enabled' \n                data-collection='' \n                data-pagination='0' \n                data-search='0' \n                data-pagination-enabled='0'\n                role='region'\n                aria-label='FAQ Section'\n                aria-live='polite'><h3 class=\"collection-title\">Artist MCHIMICH Abdo<\/h3><form class=\"search\" onsubmit=\"return false;\" action=\"\"><div class=\"search__wrapper\"><input type=\"text\" class=\"search__input\" aria-label=\"Search\" role=\"searchbox\" placeholder=\"Search FAQ\"><span class=\"search__icon\"><svg class=\"svg-icon--search\" role=\"img\" xmlns=\"http:\/\/www.w3.org\/2000\/svg\" viewbox=\"0 0 22 22\">\r\n                        <g fill=\"none\" stroke=\"#171717\">\r\n                            <path stroke-linecap=\"square\" stroke-width=\"2\" d=\"M18.5 18.3l-5.4-5.4\"\/>\r\n                            <circle cx=\"8\" cy=\"8\" r=\"7\" stroke-width=\"2\"\/>\r\n                        <\/g>\r\n                    <\/svg><\/span><\/div><div class=\"search__message\"><\/div><input type=\"hidden\" name=\"trp-form-language\" value=\"en\"\/><\/form><article class=\"accordion\"><div class='helpie-faq-row'><div class='helpie-faq-col helpie-faq-col-12' ><ul><li class=\"accordion__item\"><div class=\"accordion__header\" \r\n                id=\"accordion-header-post-763\"\r\n                role=\"button\"\r\n                aria-expanded=\"false\"\r\n                aria-controls=\"accordion-content-post-763\"\r\n                data-id=\"post-763\" \r\n                data-item=\"hfaq-post-763\" \r\n                style=\"background:#FFFFFF;\" \r\n                data-tags=\"\"\r\n                tabindex=\"0\"><div class=\"accordion__title\">MCHIMICH Abdo<\/div><\/div><div id=\"accordion-content-post-763\" \r\n                class=\"accordion__body\" \r\n                role=\"region\"\r\n                aria-labelledby=\"accordion-header-post-763\"\r\n                style=\"background:#FCFCFC;\"><i class=\"fa fa-map-marker\"><\/i> : Morocco<br>\r\nBorn : 1997 in Marrakech.<br><br>\r\n\r\nAbdo MCHIMICH, whose real name is Abderrahman BOUGHAMRA, is a Moroccan visual artist born in 1997 in Marrakech. From an early age, he developed a strong passion for mural painting and artistic expression in public spaces.<br><br>\r\n\r\nHis visual universe lies at the crossroads of street art, graffiti, and calligraffiti, blending lettering, dynamic forms, and local cultural references. Through his work, he seeks to highlight Moroccan identity and the spirit of Marrakech, his hometown, by transforming urban walls into platforms for artistic expression accessible to everyone. His murals can be seen in various neighborhoods across Marrakech.<br><br>\r\n\r\nMchimich has taken part in several group exhibitions, particularly in events dedicated to street art in Morocco, allowing him to reach a wider audience and establish himself among the new generation of Moroccan urban artists committed to promoting local culture through contemporary art.<br><br>\r\n<\/div><\/li><\/ul><\/div><\/div><\/article><\/section>\n<style type=\"text\/css\"><\/style><section id='' \n                class='helpie-faq accordions faq-toggle custom-styles groupSettings-55__enabled' \n                data-collection='' \n                data-pagination='0' \n                data-search='0' \n                data-pagination-enabled='0'\n                role='region'\n                aria-label='FAQ Section'\n                aria-live='polite'><h3 class=\"collection-title\">More Informations<\/h3><form class=\"search\" onsubmit=\"return false;\" action=\"\"><div class=\"search__wrapper\"><input type=\"text\" class=\"search__input\" aria-label=\"Search\" role=\"searchbox\" placeholder=\"Search FAQ\"><span class=\"search__icon\"><svg class=\"svg-icon--search\" role=\"img\" xmlns=\"http:\/\/www.w3.org\/2000\/svg\" viewbox=\"0 0 22 22\">\r\n                        <g fill=\"none\" stroke=\"#171717\">\r\n                            <path stroke-linecap=\"square\" stroke-width=\"2\" d=\"M18.5 18.3l-5.4-5.4\"\/>\r\n                            <circle cx=\"8\" cy=\"8\" r=\"7\" stroke-width=\"2\"\/>\r\n                        <\/g>\r\n                    <\/svg><\/span><\/div><div class=\"search__message\"><\/div><input type=\"hidden\" name=\"trp-form-language\" value=\"en\"\/><\/form><article class=\"accordion\"><div class='helpie-faq-row'><div class='helpie-faq-col helpie-faq-col-12' ><ul><li class=\"accordion__item\"><div class=\"accordion__header\" \r\n                id=\"accordion-header-post-655\"\r\n                role=\"button\"\r\n                aria-expanded=\"false\"\r\n                aria-controls=\"accordion-content-post-655\"\r\n                data-id=\"post-655\" \r\n                data-item=\"hfaq-post-655\" \r\n                style=\"background:#FFFFFF;\" \r\n                data-tags=\"\"\r\n                tabindex=\"0\"><div class=\"accordion__title\">Shipping<\/div><\/div><div id=\"accordion-content-post-655\" \r\n                class=\"accordion__body\" \r\n                role=\"region\"\r\n                aria-labelledby=\"accordion-header-post-655\"\r\n                style=\"background:#FCFCFC;\">We deliver everywhere in Morocco and abroad.<br>\r\n- Deliveries in Morocco are free.<br>\r\n- For deliveries outside Morocco, we invite you to contact us to let you know the delivery times and costs.<br>\r\nDelivery can be made within 24 hours of your order in the following cities: Casablanca, Rabat, Marrakech.<br>\r\nWe make sure you receive the artwork in perfect condition.<br>\r\n<i class=\"fas fa-mobile-alt\" style=\"color: black\"><\/i> <a href=\"tel:+212700748496\">Call Us : +212 700 748 496<\/a><br>\r\n<i class=\"far fa-envelope\" style=\"color: black\"><\/i> <span style=\"color: black\">Email : galerie@bloc9art.com<\/span><br>\r\n<i class=\"fab fa-whatsapp\" style=\"color: blach\"><\/i> <a href=\"https:\/\/api.whatsapp.com\/send?phone=212700748496\" target=\"_blank\" rel=\"noopener\">Start a whatsapp chat<\/a><br><\/div><\/li><li class=\"accordion__item\"><div class=\"accordion__header\" \r\n                id=\"accordion-header-post-656\"\r\n                role=\"button\"\r\n                aria-expanded=\"false\"\r\n                aria-controls=\"accordion-content-post-656\"\r\n                data-id=\"post-656\" \r\n                data-item=\"hfaq-post-656\" \r\n                style=\"background:#FFFFFF;\" \r\n                data-tags=\"\"\r\n                tabindex=\"0\"><div class=\"accordion__title\">Payment<\/div><\/div><div id=\"accordion-content-post-656\" \r\n                class=\"accordion__body\" \r\n                role=\"region\"\r\n                aria-labelledby=\"accordion-header-post-656\"\r\n                style=\"background:#FCFCFC;\">You can pay by bank transfer, check or Paypal in Euros or Moroccan Dirham.<br>\r\nYou can pay on delivery in the following cities: Casablanca, Rabat, Marrakech.<\/div><\/li><li class=\"accordion__item\"><div class=\"accordion__header\" \r\n                id=\"accordion-header-post-657\"\r\n                role=\"button\"\r\n                aria-expanded=\"false\"\r\n                aria-controls=\"accordion-content-post-657\"\r\n                data-id=\"post-657\" \r\n                data-item=\"hfaq-post-657\" \r\n                style=\"background:#FFFFFF;\" \r\n                data-tags=\"\"\r\n                tabindex=\"0\"><div class=\"accordion__title\">Guarantee<\/div><\/div><div id=\"accordion-content-post-657\" \r\n                class=\"accordion__body\" \r\n                role=\"region\"\r\n                aria-labelledby=\"accordion-header-post-657\"\r\n                style=\"background:#FCFCFC;\">BLOC 9 ART guarantees the authenticity and provenance of the works.<\/div><\/li><li class=\"accordion__item\"><div class=\"accordion__header\" \r\n                id=\"accordion-header-post-658\"\r\n                role=\"button\"\r\n                aria-expanded=\"false\"\r\n                aria-controls=\"accordion-content-post-658\"\r\n                data-id=\"post-658\" \r\n                data-item=\"hfaq-post-658\" \r\n                style=\"background:#FFFFFF;\" \r\n                data-tags=\"\"\r\n                tabindex=\"0\"><div class=\"accordion__title\">Virtual fitting<\/div><\/div><div id=\"accordion-content-post-658\" \r\n                class=\"accordion__body\" \r\n                role=\"region\"\r\n                aria-labelledby=\"accordion-header-post-658\"\r\n                style=\"background:#FCFCFC;\">We will do simulations to visualize the painting hanging in your home.<br>\r\nWe invite you to send us photos of the wall or other support provided for hanging via whatsapp.<br>\r\n<i class=\"fas fa-mobile-alt\" style=\"color: black\"><\/i> <a href=\"tel:+212700748496\" target=\"_blank\" rel=\"noopener\">Call Us : +212 700 748 496<\/a><br>\r\n<i class=\"far fa-envelope\" style=\"color: black\"><\/i> <span style=\"color: black\">Email : galerie@bloc9art.com<\/span><br>\r\n<i class=\"fab fa-whatsapp\" style=\"color: blach\"><\/i> <a href=\"https:\/\/api.whatsapp.com\/send?phone=212700748496\" target=\"_blank\" rel=\"noopener\">Start a whatsapp chat<\/a><\/div><\/li><\/ul><\/div><\/div><\/article><\/section>","protected":false},"excerpt":{"rendered":"<p>Painting on canvas on stretcher, Painting Mixed media, work sold with a certificate of authenticity, Hand-signed by artist and created in 2018.<\/p>","protected":false},"featured_media":910,"template":"","meta":{"_acf_changed":false,"_joinchat":[]},"product_brand":[],"product_cat":[51,36,39,67,32,43,35,44,40],"product_tag":[98,58,21,22],"class_list":{"0":"post-909","1":"product","2":"type-product","3":"status-publish","4":"has-post-thumbnail","6":"product_cat-artistes","7":"product_cat-dimension","8":"product_cat-grand-200-x-200-cm","9":"product_cat-abdo-mchimich","10":"product_cat-orientation","11":"product_cat-portrait-theme","12":"product_cat-square","13":"product_cat-street-art","14":"product_cat-themes","15":"product_tag-98","16":"product_tag-large","17":"product_tag-portrait","18":"product_tag-street-art","19":"pa_artists-mchimich-abdo","20":"pa_dimensions-3-grand-200-x-200-cm","21":"pa_orientations-carre","22":"pa_prices-dh-2-prix-5000110000-dhs","23":"pa_themes-portrait","24":"pa_themes-street-art","26":"entry","27":"has-media","29":"first","30":"instock","31":"sold-individually","32":"shipping-taxable","33":"purchasable","34":"product-type-simple","35":"has-product-nav","36":"col","37":"span_1_of_3","38":"owp-content-center","39":"owp-thumbs-layout-horizontal","40":"owp-btn-normal","41":"owp-tabs-layout-horizontal"},"acf":[],"yoast_head":"<!-- This site is optimized with the Yoast SEO plugin v27.4 - https:\/\/yoast.com\/product\/yoast-seo-wordpress\/ -->\n<title>Libre Dimensions 123X123 cm  MCHIMICH Abdo - Bloc 9 Art<\/title>\n<meta name=\"robots\" content=\"index, follow, max-snippet:-1, max-image-preview:large, max-video-preview:-1\" \/>\n<link rel=\"canonical\" href=\"https:\/\/bloc9art.com\/en\/product\/libre\/\" \/>\n<meta property=\"og:locale\" content=\"en_US\" \/>\n<meta property=\"og:type\" content=\"article\" \/>\n<meta property=\"og:title\" content=\"Libre Dimensions 123X123 cm  MCHIMICH Abdo - Bloc 9 Art\" \/>\n<meta property=\"og:description\" content=\"Peinture sur toile sur ch\u00e2ssis, peinture techniques mixtes, \u0153uvre vendue avec certificat d\u2019authenticit\u00e9, sign\u00e9e \u00e0 la main et r\u00e9alis\u00e9e en 2018.\" \/>\n<meta property=\"og:url\" content=\"https:\/\/bloc9art.com\/en\/product\/libre\/\" \/>\n<meta property=\"og:site_name\" content=\"Bloc 9 Art\" \/>\n<meta property=\"article:modified_time\" content=\"2024-07-13T16:03:14+00:00\" \/>\n<meta property=\"og:image\" content=\"https:\/\/bloc9art.com\/wp-content\/uploads\/2021\/04\/1-32.jpeg\" \/>\n\t<meta property=\"og:image:width\" content=\"1242\" \/>\n\t<meta property=\"og:image:height\" content=\"1242\" \/>\n\t<meta property=\"og:image:type\" content=\"image\/jpeg\" \/>\n<meta name=\"twitter:card\" content=\"summary_large_image\" \/>\n<meta name=\"twitter:label1\" content=\"Est. reading time\" \/>\n\t<meta name=\"twitter:data1\" content=\"1 minute\" \/>\n<script type=\"application\/ld+json\" class=\"yoast-schema-graph\">{\"@context\":\"https:\\\/\\\/schema.org\",\"@graph\":[{\"@type\":\"WebPage\",\"@id\":\"https:\\\/\\\/bloc9art.com\\\/product\\\/libre\\\/\",\"url\":\"https:\\\/\\\/bloc9art.com\\\/product\\\/libre\\\/\",\"name\":\"Libre Dimensions 123X123 cm MCHIMICH Abdo - Bloc 9 Art\",\"isPartOf\":{\"@id\":\"https:\\\/\\\/bloc9art.com\\\/#website\"},\"primaryImageOfPage\":{\"@id\":\"https:\\\/\\\/bloc9art.com\\\/product\\\/libre\\\/#primaryimage\"},\"image\":{\"@id\":\"https:\\\/\\\/bloc9art.com\\\/product\\\/libre\\\/#primaryimage\"},\"thumbnailUrl\":\"https:\\\/\\\/bloc9art.com\\\/wp-content\\\/uploads\\\/2021\\\/04\\\/1-32.jpeg\",\"datePublished\":\"2021-04-19T17:21:57+00:00\",\"dateModified\":\"2024-07-13T16:03:14+00:00\",\"breadcrumb\":{\"@id\":\"https:\\\/\\\/bloc9art.com\\\/product\\\/libre\\\/#breadcrumb\"},\"inLanguage\":\"en-US\",\"potentialAction\":[{\"@type\":\"ReadAction\",\"target\":[\"https:\\\/\\\/bloc9art.com\\\/product\\\/libre\\\/\"]}]},{\"@type\":\"ImageObject\",\"inLanguage\":\"en-US\",\"@id\":\"https:\\\/\\\/bloc9art.com\\\/product\\\/libre\\\/#primaryimage\",\"url\":\"https:\\\/\\\/bloc9art.com\\\/wp-content\\\/uploads\\\/2021\\\/04\\\/1-32.jpeg\",\"contentUrl\":\"https:\\\/\\\/bloc9art.com\\\/wp-content\\\/uploads\\\/2021\\\/04\\\/1-32.jpeg\",\"width\":1242,\"height\":1242},{\"@type\":\"BreadcrumbList\",\"@id\":\"https:\\\/\\\/bloc9art.com\\\/product\\\/libre\\\/#breadcrumb\",\"itemListElement\":[{\"@type\":\"ListItem\",\"position\":1,\"name\":\"Home\",\"item\":\"https:\\\/\\\/bloc9art.com\\\/\"},{\"@type\":\"ListItem\",\"position\":2,\"name\":\"Shop\",\"item\":\"https:\\\/\\\/bloc9art.com\\\/catalogue\\\/\"},{\"@type\":\"ListItem\",\"position\":3,\"name\":\"Libre Dimensions 123X123 cm MCHIMICH Abdo\"}]},{\"@type\":\"WebSite\",\"@id\":\"https:\\\/\\\/bloc9art.com\\\/#website\",\"url\":\"https:\\\/\\\/bloc9art.com\\\/\",\"name\":\"Bloc 9 Art Store\",\"description\":\"\",\"publisher\":{\"@id\":\"https:\\\/\\\/bloc9art.com\\\/#\\\/schema\\\/person\\\/d415b0baadf88971cfe60f0370734534\"},\"potentialAction\":[{\"@type\":\"SearchAction\",\"target\":{\"@type\":\"EntryPoint\",\"urlTemplate\":\"https:\\\/\\\/bloc9art.com\\\/?s={search_term_string}\"},\"query-input\":{\"@type\":\"PropertyValueSpecification\",\"valueRequired\":true,\"valueName\":\"search_term_string\"}}],\"inLanguage\":\"en-US\"},{\"@type\":[\"Person\",\"Organization\"],\"@id\":\"https:\\\/\\\/bloc9art.com\\\/#\\\/schema\\\/person\\\/d415b0baadf88971cfe60f0370734534\",\"name\":\"Mehdi EL ANDROUSSE\",\"image\":{\"@type\":\"ImageObject\",\"inLanguage\":\"en-US\",\"@id\":\"https:\\\/\\\/bloc9art.com\\\/wp-content\\\/litespeed\\\/avatar\\\/744617de8ae770d0e1f10be634b7b591.jpg?ver=1778278816\",\"url\":\"https:\\\/\\\/bloc9art.com\\\/wp-content\\\/litespeed\\\/avatar\\\/744617de8ae770d0e1f10be634b7b591.jpg?ver=1778278816\",\"contentUrl\":\"https:\\\/\\\/bloc9art.com\\\/wp-content\\\/litespeed\\\/avatar\\\/744617de8ae770d0e1f10be634b7b591.jpg?ver=1778278816\",\"caption\":\"Mehdi EL ANDROUSSE\"},\"logo\":{\"@id\":\"https:\\\/\\\/bloc9art.com\\\/wp-content\\\/litespeed\\\/avatar\\\/744617de8ae770d0e1f10be634b7b591.jpg?ver=1778278816\"}}]}<\/script>\n<!-- \/ Yoast SEO plugin. -->","yoast_head_json":{"title":"Libre Dimensions 123X123 cm  MCHIMICH Abdo - Bloc 9 Art","robots":{"index":"index","follow":"follow","max-snippet":"max-snippet:-1","max-image-preview":"max-image-preview:large","max-video-preview":"max-video-preview:-1"},"canonical":"https:\/\/bloc9art.com\/en\/product\/libre\/","og_locale":"en_US","og_type":"article","og_title":"Libre Dimensions 123X123 cm  MCHIMICH Abdo - Bloc 9 Art","og_description":"Peinture sur toile sur ch\u00e2ssis, peinture techniques mixtes, \u0153uvre vendue avec certificat d\u2019authenticit\u00e9, sign\u00e9e \u00e0 la main et r\u00e9alis\u00e9e en 2018.","og_url":"https:\/\/bloc9art.com\/en\/product\/libre\/","og_site_name":"Bloc 9 Art","article_modified_time":"2024-07-13T16:03:14+00:00","og_image":[{"width":1242,"height":1242,"url":"https:\/\/bloc9art.com\/wp-content\/uploads\/2021\/04\/1-32.jpeg","type":"image\/jpeg"}],"twitter_card":"summary_large_image","twitter_misc":{"Est. reading time":"1 minute"},"schema":{"@context":"https:\/\/schema.org","@graph":[{"@type":"WebPage","@id":"https:\/\/bloc9art.com\/product\/libre\/","url":"https:\/\/bloc9art.com\/product\/libre\/","name":"Libre Dimensions 123X123 cm MCHIMICH Abdo - Bloc 9 Art","isPartOf":{"@id":"https:\/\/bloc9art.com\/#website"},"primaryImageOfPage":{"@id":"https:\/\/bloc9art.com\/product\/libre\/#primaryimage"},"image":{"@id":"https:\/\/bloc9art.com\/product\/libre\/#primaryimage"},"thumbnailUrl":"https:\/\/bloc9art.com\/wp-content\/uploads\/2021\/04\/1-32.jpeg","datePublished":"2021-04-19T17:21:57+00:00","dateModified":"2024-07-13T16:03:14+00:00","breadcrumb":{"@id":"https:\/\/bloc9art.com\/product\/libre\/#breadcrumb"},"inLanguage":"en-US","potentialAction":[{"@type":"ReadAction","target":["https:\/\/bloc9art.com\/product\/libre\/"]}]},{"@type":"ImageObject","inLanguage":"en-US","@id":"https:\/\/bloc9art.com\/product\/libre\/#primaryimage","url":"https:\/\/bloc9art.com\/wp-content\/uploads\/2021\/04\/1-32.jpeg","contentUrl":"https:\/\/bloc9art.com\/wp-content\/uploads\/2021\/04\/1-32.jpeg","width":1242,"height":1242},{"@type":"BreadcrumbList","@id":"https:\/\/bloc9art.com\/product\/libre\/#breadcrumb","itemListElement":[{"@type":"ListItem","position":1,"name":"Home","item":"https:\/\/bloc9art.com\/"},{"@type":"ListItem","position":2,"name":"Shop","item":"https:\/\/bloc9art.com\/catalogue\/"},{"@type":"ListItem","position":3,"name":"Libre Dimensions 123X123 cm MCHIMICH Abdo"}]},{"@type":"WebSite","@id":"https:\/\/bloc9art.com\/#website","url":"https:\/\/bloc9art.com\/","name":"Bloc 9 Art Store","description":"","publisher":{"@id":"https:\/\/bloc9art.com\/#\/schema\/person\/d415b0baadf88971cfe60f0370734534"},"potentialAction":[{"@type":"SearchAction","target":{"@type":"EntryPoint","urlTemplate":"https:\/\/bloc9art.com\/?s={search_term_string}"},"query-input":{"@type":"PropertyValueSpecification","valueRequired":true,"valueName":"search_term_string"}}],"inLanguage":"en-US"},{"@type":["Person","Organization"],"@id":"https:\/\/bloc9art.com\/#\/schema\/person\/d415b0baadf88971cfe60f0370734534","name":"Mehdi EL ANDROUSSE","image":{"@type":"ImageObject","inLanguage":"en-US","@id":"https:\/\/bloc9art.com\/wp-content\/litespeed\/avatar\/744617de8ae770d0e1f10be634b7b591.jpg?ver=1778278816","url":"https:\/\/bloc9art.com\/wp-content\/litespeed\/avatar\/744617de8ae770d0e1f10be634b7b591.jpg?ver=1778278816","contentUrl":"https:\/\/bloc9art.com\/wp-content\/litespeed\/avatar\/744617de8ae770d0e1f10be634b7b591.jpg?ver=1778278816","caption":"Mehdi EL ANDROUSSE"},"logo":{"@id":"https:\/\/bloc9art.com\/wp-content\/litespeed\/avatar\/744617de8ae770d0e1f10be634b7b591.jpg?ver=1778278816"}}]}},"_links":{"self":[{"href":"https:\/\/bloc9art.com\/en\/wp-json\/wp\/v2\/product\/909","targetHints":{"allow":["GET"]}}],"collection":[{"href":"https:\/\/bloc9art.com\/en\/wp-json\/wp\/v2\/product"}],"about":[{"href":"https:\/\/bloc9art.com\/en\/wp-json\/wp\/v2\/types\/product"}],"version-history":[{"count":3,"href":"https:\/\/bloc9art.com\/en\/wp-json\/wp\/v2\/product\/909\/revisions"}],"predecessor-version":[{"id":9586,"href":"https:\/\/bloc9art.com\/en\/wp-json\/wp\/v2\/product\/909\/revisions\/9586"}],"wp:featuredmedia":[{"embeddable":true,"href":"https:\/\/bloc9art.com\/en\/wp-json\/wp\/v2\/media\/910"}],"wp:attachment":[{"href":"https:\/\/bloc9art.com\/en\/wp-json\/wp\/v2\/media?parent=909"}],"wp:term":[{"taxonomy":"product_brand","embeddable":true,"href":"https:\/\/bloc9art.com\/en\/wp-json\/wp\/v2\/product_brand?post=909"},{"taxonomy":"product_cat","embeddable":true,"href":"https:\/\/bloc9art.com\/en\/wp-json\/wp\/v2\/product_cat?post=909"},{"taxonomy":"product_tag","embeddable":true,"href":"https:\/\/bloc9art.com\/en\/wp-json\/wp\/v2\/product_tag?post=909"}],"curies":[{"name":"wp","href":"https:\/\/api.w.org\/{rel}","templated":true}]}}